{"id":19664,"date":"2023-03-07T14:59:53","date_gmt":"2023-03-07T14:59:53","guid":{"rendered":"https:\/\/enkatarim.com\/?post_type=product&#038;p=19664"},"modified":"2023-06-08T13:57:22","modified_gmt":"2023-06-08T13:57:22","slug":"masaj-butonlu-elektronik-pulsator-60-40-inek-icin-10500","status":"publish","type":"product","link":"https:\/\/www.enkatarim.com\/de\/urun\/masaj-butonlu-elektronik-pulsator-60-40-inek-icin-10500","title":{"rendered":"Elektronischer Pulsator mit Massageknopf f\u00fcr Kuh, 60\/40"},"content":{"rendered":"<ul>\n<li>f\u00fcr K\u00fche<\/li>\n<li>60\/40<\/li>\n<li>Mit elektronischer Karte betrieben<\/li>\n<li>Mit Kunststoffabdeckung<\/li>\n<li>Mit Massageknopf<\/li>\n<\/ul>\n<p>Elektronische Pulsatoren erm\u00f6glichen ein schnelles und problemloses Melken. Der Massageknopf auf der Vorderseite des Pulsators stimuliert die Kuh, den Milchfluss zu beginnen, und erm\u00f6glicht auch das Entfernen der restlichen Milch in der Euter. Der elektronische Pulsator gew\u00e4hrleistet, dass die Fehlerquote bei null liegt. Der Arbeitsbereich betr\u00e4gt 24 V mit Stromversorgung. Es ist die beste L\u00f6sung f\u00fcr Mehrfachmelksysteme und Herdenmanagement.<\/p>\n","protected":false},"excerpt":{"rendered":"<p>f\u00fcr K\u00fche 60\/40 Mit elektronischer Karte betrieben Mit Kunststoffabdeckung Mit Massageknopf Elektronische Pulsatoren erm\u00f6glichen ein schnelles und problemloses Melken. Der Massageknopf auf der Vorderseite des Pulsators stimuliert die Kuh, den Milchfluss zu beginnen, und erm\u00f6glicht auch das Entfernen der restlichen Milch in der Euter. Der elektronische Pulsator gew\u00e4hrleistet, dass die Fehlerquote bei null liegt. Der&#8230;<\/p>\n","protected":false},"featured_media":2818,"template":"","meta":{"_eb_attr":"","_kadence_starter_templates_imported_post":false,"_kad_post_transparent":"","_kad_post_title":"","_kad_post_layout":"","_kad_post_sidebar_id":"","_kad_post_content_style":"","_kad_post_vertical_padding":"","_kad_post_feature":"","_kad_post_feature_position":"","_kad_post_header":false,"_kad_post_footer":false,"_kad_post_classname":""},"product_brand":[],"product_cat":[1065,1034,1033],"product_tag":[],"class_list":{"0":"post-19664","1":"product","2":"type-product","3":"status-publish","4":"has-post-thumbnail","6":"product_cat-elektronik-pulsator","7":"product_cat-pulsator","8":"product_cat-sut-sagim-makinesi-parcalari","10":"first","11":"instock","12":"shipping-taxable","13":"product-type-simple","14":"entry","15":"content-bg","16":"loop-entry"},"_links":{"self":[{"href":"https:\/\/www.enkatarim.com\/de\/wp-json\/wp\/v2\/product\/19664","targetHints":{"allow":["GET"]}}],"collection":[{"href":"https:\/\/www.enkatarim.com\/de\/wp-json\/wp\/v2\/product"}],"about":[{"href":"https:\/\/www.enkatarim.com\/de\/wp-json\/wp\/v2\/types\/product"}],"wp:featuredmedia":[{"embeddable":true,"href":"https:\/\/www.enkatarim.com\/de\/wp-json\/wp\/v2\/media\/2818"}],"wp:attachment":[{"href":"https:\/\/www.enkatarim.com\/de\/wp-json\/wp\/v2\/media?parent=19664"}],"wp:term":[{"taxonomy":"product_brand","embeddable":true,"href":"https:\/\/www.enkatarim.com\/de\/wp-json\/wp\/v2\/product_brand?post=19664"},{"taxonomy":"product_cat","embeddable":true,"href":"https:\/\/www.enkatarim.com\/de\/wp-json\/wp\/v2\/product_cat?post=19664"},{"taxonomy":"product_tag","embeddable":true,"href":"https:\/\/www.enkatarim.com\/de\/wp-json\/wp\/v2\/product_tag?post=19664"}],"curies":[{"name":"wp","href":"https:\/\/api.w.org\/{rel}","templated":true}]}}