{"id":19648,"date":"2023-03-07T14:59:46","date_gmt":"2023-03-07T14:59:46","guid":{"rendered":"https:\/\/enkatarim.com\/?post_type=product&#038;p=19648"},"modified":"2023-06-08T13:57:20","modified_gmt":"2023-06-08T13:57:20","slug":"pirinc-samandirali-paslanmaz-celik-yalak-39700","status":"publish","type":"product","link":"https:\/\/www.enkatarim.com\/de\/urun\/pirinc-samandirali-paslanmaz-celik-yalak-39700","title":{"rendered":"Edelstahl Tr\u00e4nkebecken mit Rohrventil"},"content":{"rendered":"<ul>\n<li>5 ltr<\/li>\n<li>5.1 kg<\/li>\n<li>Kann an der Wand oder am Rohr montiert werden.<\/li>\n<li>Kann von oben oder unten einen 1\/2&#8243; Wasseranschluss haben.<\/li>\n<li>Montageverbindungsst\u00fcck ist nicht im Lieferumfang enthalten.<\/li>\n<\/ul>\n<p>\n<table id=\"tablepress-385\" class=\"tablepress tablepress-id-385\">\n<tbody class=\"row-striping row-hover\">\n<tr class=\"row-1\">\n\t<td class=\"column-1\">39701<\/td><td class=\"column-2\">Schwimmerventil aus Messing \/ Kunststoff<\/td>\n<\/tr>\n<\/tbody>\n<\/table>\n<br \/>\n<div class=\"woocommerce columns-6 \"><ul class=\"products content-wrap product-archive grid-cols grid-ss-col-2 grid-sm-col-3 grid-md-col-4 grid-lg-col-6 woo-archive-action-visible woo-archive-btn-text align-buttons-bottom  woo-archive-image-hover-fade\"><li class=\"entry content-bg loop-entry product type-product post-5261 status-publish first instock product_cat-sigir-yetistiriciligi product_cat-yalak-parcalari product_cat-yalaklar has-post-thumbnail shipping-taxable product-type-simple\">\n\t<a href=\"https:\/\/www.enkatarim.com\/de\/urun\/pirinc-plastik-samandira-39700-pirinc-samandirali-paslanmaz-celik-yalak-icin-39701\" class=\"woocommerce-loop-image-link woocommerce-LoopProduct-link woocommerce-loop-product__link\"><img loading=\"lazy\" decoding=\"async\" width=\"300\" height=\"300\" src=\"https:\/\/www.enkatarim.com\/wp-content\/uploads\/2023\/03\/39701-samandira-300x300.jpg\" class=\"attachment-woocommerce_thumbnail size-woocommerce_thumbnail\" alt=\"Ersatzventil f\u00fcr Edelstahl-Tr\u00e4nkebecken mit Rohrventil\" srcset=\"https:\/\/www.enkatarim.com\/wp-content\/uploads\/2023\/03\/39701-samandira-300x300.jpg 300w, https:\/\/www.enkatarim.com\/wp-content\/uploads\/2023\/03\/39701-samandira.jpg 1024w, https:\/\/www.enkatarim.com\/wp-content\/uploads\/2023\/03\/39701-samandira-150x150.jpg 150w, https:\/\/www.enkatarim.com\/wp-content\/uploads\/2023\/03\/39701-samandira-768x768.jpg 768w, https:\/\/www.enkatarim.com\/wp-content\/uploads\/2023\/03\/39701-samandira-600x600.jpg 600w, https:\/\/www.enkatarim.com\/wp-content\/uploads\/2023\/03\/39701-samandira-100x100.jpg 100w\" sizes=\"auto, (max-width: 300px) 100vw, 300px\" \/><\/a><div class=\"product-details content-bg entry-content-wrap\"><h2 class=\"woocommerce-loop-product__title\"><a href=\"https:\/\/www.enkatarim.com\/de\/urun\/pirinc-plastik-samandira-39700-pirinc-samandirali-paslanmaz-celik-yalak-icin-39701\" class=\"woocommerce-LoopProduct-link-title woocommerce-loop-product__title_ink\">Ersatzventil f\u00fcr Edelstahl-Tr\u00e4nkebecken mit Rohrventil<\/a><\/h2>\n<div class=\"product-action-wrap\"><a href=\"https:\/\/www.enkatarim.com\/de\/urun\/pirinc-plastik-samandira-39700-pirinc-samandirali-paslanmaz-celik-yalak-icin-39701\" data-quantity=\"1\" class=\"button product_type_simple\" data-product_id=\"5261\" data-product_sku=\"39701\" aria-label=\"Read more about &ldquo;Ersatzventil f\u00fcr Edelstahl-Tr\u00e4nkebecken mit Rohrventil&rdquo;\" rel=\"nofollow\" data-success_message=\"\">Read more<span class=\"kadence-svg-iconset svg-baseline\"><svg aria-hidden=\"true\" class=\"kadence-svg-icon kadence-arrow-right-alt-svg\" fill=\"currentColor\" version=\"1.1\" xmlns=\"http:\/\/www.w3.org\/2000\/svg\" width=\"27\" height=\"28\" viewBox=\"0 0 27 28\"><title>Continue<\/title><path d=\"M27 13.953c0 0.141-0.063 0.281-0.156 0.375l-6 5.531c-0.156 0.141-0.359 0.172-0.547 0.094-0.172-0.078-0.297-0.25-0.297-0.453v-3.5h-19.5c-0.281 0-0.5-0.219-0.5-0.5v-3c0-0.281 0.219-0.5 0.5-0.5h19.5v-3.5c0-0.203 0.109-0.375 0.297-0.453s0.391-0.047 0.547 0.078l6 5.469c0.094 0.094 0.156 0.219 0.156 0.359v0z\"><\/path>\n\t\t\t\t<\/svg><\/span><span class=\"kadence-svg-iconset svg-baseline\"><svg class=\"kadence-svg-icon kadence-spinner-svg\" fill=\"currentColor\" version=\"1.1\" xmlns=\"http:\/\/www.w3.org\/2000\/svg\" width=\"16\" height=\"16\" viewBox=\"0 0 16 16\"><title>Loading<\/title><path d=\"M16 6h-6l2.243-2.243c-1.133-1.133-2.64-1.757-4.243-1.757s-3.109 0.624-4.243 1.757c-1.133 1.133-1.757 2.64-1.757 4.243s0.624 3.109 1.757 4.243c1.133 1.133 2.64 1.757 4.243 1.757s3.109-0.624 4.243-1.757c0.095-0.095 0.185-0.192 0.273-0.292l1.505 1.317c-1.466 1.674-3.62 2.732-6.020 2.732-4.418 0-8-3.582-8-8s3.582-8 8-8c2.209 0 4.209 0.896 5.656 2.344l2.343-2.344v6z\"><\/path>\n\t\t\t\t<\/svg><\/span><span class=\"kadence-svg-iconset svg-baseline\"><svg class=\"kadence-svg-icon kadence-check-svg\" fill=\"currentColor\" version=\"1.1\" xmlns=\"http:\/\/www.w3.org\/2000\/svg\" width=\"16\" height=\"16\" viewBox=\"0 0 16 16\"><title>Done<\/title><path d=\"M14 2.5l-8.5 8.5-3.5-3.5-1.5 1.5 5 5 10-10z\"><\/path>\n\t\t\t\t<\/svg><\/span><\/a>\t<span id=\"woocommerce_loop_add_to_cart_link_describedby_5261\" class=\"screen-reader-text\">\n\t\t\t<\/span>\n<\/div><\/div><\/li>\n<\/ul>\n<\/div><\/p>\n<p>Tipps f\u00fcr die langfristige Verwendung von Tiertr\u00e4nken:<\/p>\n<p>1. W\u00e4hlen Sie eine geeignete Tr\u00e4nke f\u00fcr das Tier aus und installieren Sie diese an einem festen Ort in einer f\u00fcr das Tier zug\u00e4nglichen H\u00f6he.<br \/>\n2. Vermeiden Sie die direkte Sonneneinstrahlung auf die Tr\u00e4nke.<br \/>\n3. Leeren Sie die Tr\u00e4nke alle paar Tage, entfernen Sie den Deckel und den Schwimmer (falls vorhanden) und reinigen Sie sie gr\u00fcndlich mit Sp\u00fclmittel oder einem alkalibasierten Desinfektionsmittel. Sp\u00fclen Sie sie anschlie\u00dfend mit reichlich Wasser ab.<br \/>\n4. Verwenden Sie niemals s\u00e4urebasierte Desinfektionsmittel f\u00fcr die Reinigung der Tr\u00e4nke, um Korrosion zu vermeiden und direkten Verschlei\u00df zu verhindern.<br \/>\n5. \u00dcberpr\u00fcfen Sie regelm\u00e4\u00dfig den Schwimmer in der Tr\u00e4nke, um sicherzustellen, dass er ordnungsgem\u00e4\u00df funktioniert und kein Wasser verschwendet wird.<\/p>\n","protected":false},"excerpt":{"rendered":"<p>5 ltr 5.1 kg Kann an der Wand oder am Rohr montiert werden. Kann von oben oder unten einen 1\/2&#8243; Wasseranschluss haben. Montageverbindungsst\u00fcck ist nicht im Lieferumfang enthalten. Tipps f\u00fcr die langfristige Verwendung von Tiertr\u00e4nken: 1. W\u00e4hlen Sie eine geeignete Tr\u00e4nke f\u00fcr das Tier aus und installieren Sie diese an einem festen Ort in einer&#8230;<\/p>\n","protected":false},"featured_media":2785,"template":"","meta":{"_eb_attr":"","_kadence_starter_templates_imported_post":false,"_kad_post_transparent":"","_kad_post_title":"","_kad_post_layout":"","_kad_post_sidebar_id":"","_kad_post_content_style":"","_kad_post_vertical_padding":"","_kad_post_feature":"","_kad_post_feature_position":"","_kad_post_header":false,"_kad_post_footer":false,"_kad_post_classname":""},"product_brand":[],"product_cat":[1056,1052],"product_tag":[],"class_list":{"0":"post-19648","1":"product","2":"type-product","3":"status-publish","4":"has-post-thumbnail","6":"product_cat-paslanmaz-yalak","7":"product_cat-sigir-yetistiriciligi","8":"entry","9":"content-bg","10":"loop-entry","12":"first","13":"instock","14":"shipping-taxable","15":"product-type-simple"},"_links":{"self":[{"href":"https:\/\/www.enkatarim.com\/de\/wp-json\/wp\/v2\/product\/19648","targetHints":{"allow":["GET"]}}],"collection":[{"href":"https:\/\/www.enkatarim.com\/de\/wp-json\/wp\/v2\/product"}],"about":[{"href":"https:\/\/www.enkatarim.com\/de\/wp-json\/wp\/v2\/types\/product"}],"wp:featuredmedia":[{"embeddable":true,"href":"https:\/\/www.enkatarim.com\/de\/wp-json\/wp\/v2\/media\/2785"}],"wp:attachment":[{"href":"https:\/\/www.enkatarim.com\/de\/wp-json\/wp\/v2\/media?parent=19648"}],"wp:term":[{"taxonomy":"product_brand","embeddable":true,"href":"https:\/\/www.enkatarim.com\/de\/wp-json\/wp\/v2\/product_brand?post=19648"},{"taxonomy":"product_cat","embeddable":true,"href":"https:\/\/www.enkatarim.com\/de\/wp-json\/wp\/v2\/product_cat?post=19648"},{"taxonomy":"product_tag","embeddable":true,"href":"https:\/\/www.enkatarim.com\/de\/wp-json\/wp\/v2\/product_tag?post=19648"}],"curies":[{"name":"wp","href":"https:\/\/api.w.org\/{rel}","templated":true}]}}