{"id":19527,"date":"2023-03-07T14:58:27","date_gmt":"2023-03-07T14:58:27","guid":{"rendered":"https:\/\/enkatarim.com\/?post_type=product&#038;p=19527"},"modified":"2023-06-08T14:14:15","modified_gmt":"2023-06-08T14:14:15","slug":"sm250-tgcs-benzin-motorlu-turbo-yagli-aluminyum-gugumlu-sut-sagma-makinesi-01284","status":"publish","type":"product","link":"https:\/\/www.enkatarim.com\/de\/urun\/sm250-tgcs-benzin-motorlu-turbo-yagli-aluminyum-gugumlu-sut-sagma-makinesi-01284","title":{"rendered":"SM250 Benzinmotor Mobile doppel Melkanlage mit 40l Aluminium Eimer, \u00d6l System"},"content":{"rendered":"\n<table id=\"tablepress-2\" class=\"tablepress tablepress-id-2 tbody-has-connected-cells\">\n<thead>\n<tr class=\"row-1\">\n\t<th colspan=\"2\" class=\"column-1\"><b>Technische Daten<\/b><\/th>\n<\/tr>\n<\/thead>\n<tbody class=\"row-striping row-hover\">\n<tr class=\"row-2\">\n\t<td class=\"column-1\">Ma\u00dfe<\/td><td class=\"column-2\">85 x 135 x 111 cm<\/td>\n<\/tr>\n<tr class=\"row-3\">\n\t<td class=\"column-1\">Gewicht<\/td><td class=\"column-2\">80 kg (~)<\/td>\n<\/tr>\n<tr class=\"row-4\">\n\t<td colspan=\"2\" class=\"column-1\"><b>Eimer Eigenschaften<\/b><\/td>\n<\/tr>\n<tr class=\"row-5\">\n\t<td class=\"column-1\">Eimer Material<\/td><td class=\"column-2\">Edelstahl, Aluminium<\/td>\n<\/tr>\n<tr class=\"row-6\">\n\t<td class=\"column-1\">Eimer Anzahl<\/td><td class=\"column-2\">1<\/td>\n<\/tr>\n<tr class=\"row-7\">\n\t<td class=\"column-1\">Eimerkapazit\u00e4t<\/td><td class=\"column-2\">40 l<\/td>\n<\/tr>\n<tr class=\"row-8\">\n\t<td colspan=\"2\" class=\"column-1\"><b>Melkzeug Eigenschaften<\/b><\/td>\n<\/tr>\n<tr class=\"row-9\">\n\t<td class=\"column-1\">Milchsammelst\u00fcck<\/td><td class=\"column-2\">250 ccm (std), 160, 175, 200, 340 ccm (opt)<\/td>\n<\/tr>\n<tr class=\"row-10\">\n\t<td class=\"column-1\">Milchsammelst\u00fcck Gewicht<\/td><td class=\"column-2\">2.2 kg (~)<\/td>\n<\/tr>\n<tr class=\"row-11\">\n\t<td class=\"column-1\">Milchschlauch<\/td><td class=\"column-2\">225 cm x (\u00d8 14 x 24 mm)<\/td>\n<\/tr>\n<tr class=\"row-12\">\n\t<td class=\"column-1\">Vakuumschlauch<\/td><td class=\"column-2\">225 cm x (\u00d8 7 x 14 mm)<\/td>\n<\/tr>\n<tr class=\"row-13\">\n\t<td colspan=\"2\" class=\"column-1\"><b>Melk Eigenschaften<\/b><\/td>\n<\/tr>\n<tr class=\"row-14\">\n\t<td class=\"column-1\">Melkzeit<\/td><td class=\"column-2\">5 - 6 Minute\/Tier (~)<\/td>\n<\/tr>\n<tr class=\"row-15\">\n\t<td class=\"column-1\">Melkkapazit\u00e4t<\/td><td class=\"column-2\">20 - 22 Tier\/Stunde (~)<\/td>\n<\/tr>\n<tr class=\"row-16\">\n\t<td colspan=\"2\" class=\"column-1\"><b>Eigenschaften des Elektromotors<\/b><\/td>\n<\/tr>\n<tr class=\"row-17\">\n\t<td class=\"column-1\">Motorleistung<\/td><td class=\"column-2\">0.55 kW (std), 0.75 kW, 1.1 kW (opt)<\/td>\n<\/tr>\n<tr class=\"row-18\">\n\t<td class=\"column-1\">Drehzahl<\/td><td class=\"column-2\">1400 u\/min<\/td>\n<\/tr>\n<tr class=\"row-19\">\n\t<td class=\"column-1\">Spannung<\/td><td class=\"column-2\">220V 50Hz (std), 110V 60Hz (opt)<\/td>\n<\/tr>\n<tr class=\"row-20\">\n\t<td colspan=\"2\" class=\"column-1\"><b>Eigenschaften der Vakuumpumpe<\/b><\/td>\n<\/tr>\n<tr class=\"row-21\">\n\t<td class=\"column-1\">Vakuumkapazit\u00e4t<\/td><td class=\"column-2\">220 - 230 l\/min (mit 0.55 - 0.75 kW Elektromotor), 375 l\/min (mit 1.1 kW Elektromotor)<\/td>\n<\/tr>\n<tr class=\"row-22\">\n\t<td class=\"column-1\">Schieber-Typ<\/td><td class=\"column-2\">Hartgewebe (\u00f6lig), Graphit (trocken)<\/td>\n<\/tr>\n<tr class=\"row-23\">\n\t<td class=\"column-1\">Schiebergr\u00f6\u00dfe<\/td><td class=\"column-2\">70 x 43 x 4.9 mm<\/td>\n<\/tr>\n<tr class=\"row-24\">\n\t<td colspan=\"2\" class=\"column-1\"><b>Merkmale des Benzinmotors<\/b><\/td>\n<\/tr>\n<tr class=\"row-25\">\n\t<td class=\"column-1\">Leistung<\/td><td class=\"column-2\">6.5 Hp<\/td>\n<\/tr>\n<tr class=\"row-26\">\n\t<td class=\"column-1\">Hubraum<\/td><td class=\"column-2\">196 cm<sup>3<\/sup><\/td>\n<\/tr>\n<tr class=\"row-27\">\n\t<td class=\"column-1\">Treibstofftank<\/td><td class=\"column-2\">3.6 l<\/td>\n<\/tr>\n<tr class=\"row-28\">\n\t<td class=\"column-1\">\u00d6ltank<\/td><td class=\"column-2\">0.6 l<\/td>\n<\/tr>\n<tr class=\"row-29\">\n\t<td class=\"column-1\">Motorentyp<\/td><td class=\"column-2\">Luftgek\u00fchlt, 4-Takt, OHV<\/td>\n<\/tr>\n<tr class=\"row-30\">\n\t<td class=\"column-1\">Leergewicht<\/td><td class=\"column-2\">17 kg<\/td>\n<\/tr>\n<tr class=\"row-31\">\n\t<td colspan=\"2\" class=\"column-1\">Bei Gro\u00dfbestellungen k\u00f6nnen alle Chassis und Vakuumbeh\u00e4lter nach Ihren W\u00fcnschen lackiert oder feuerverzinkt werden. Alle Ersatzteile (Zitzengummis und deren H\u00fclsen, Melkzeug, Schlaeuche und Milchsammelst\u00fccke) sind optional und k\u00f6nnen auf die Kundenw\u00fcnsche angepasst werden.Die auf dieser Seite aufgef\u00fchrten Modelle k\u00f6nnen optionelle oder auf spezielle Kundenw\u00fcnsche angepasste Bauteile enthalten.<\/td>\n<\/tr>\n<\/tbody>\n<\/table>\n<!-- #tablepress-2 from cache -->\n","protected":false},"excerpt":{"rendered":"<div class=\"shipment-title\">\n<div class=\"shipment-title-column\">Containerinformationen:<\/div>\n<\/div>\n<div class=\"enka-shipment\">\n<div class=\"shipcontainer\"><img decoding=\"async\" src=\"\/img\/SM250BM\/__SM250BM-20DC.jpg\" \/><\/div>\n<div class=\"shipcontainer\"><img decoding=\"async\" src=\"\/img\/SM250BM\/__SM250BM-40HC.jpg\" \/><\/div>\n<div class=\"shipcontainer\"><img decoding=\"async\" src=\"\/img\/SM250BM\/__SM250BM-TIR.jpg\" \/><\/div>\n<\/div>\n","protected":false},"featured_media":2269,"template":"","meta":{"_eb_attr":"","_kadence_starter_templates_imported_post":false,"_kad_post_transparent":"","_kad_post_title":"","_kad_post_layout":"","_kad_post_sidebar_id":"","_kad_post_content_style":"","_kad_post_vertical_padding":"","_kad_post_feature":"","_kad_post_feature_position":"","_kad_post_header":false,"_kad_post_footer":false,"_kad_post_classname":""},"product_brand":[],"product_cat":[1024,1028,1019,1020,1017,1018,1022],"product_tag":[],"class_list":{"0":"post-19527","1":"product","2":"type-product","3":"status-publish","4":"has-post-thumbnail","6":"product_cat-aluminyum-gugumlu-makineler","7":"product_cat-benzin-motorlu-sagim-makineleri","8":"product_cat-hareketli-sut-sagim-makineleri","9":"product_cat-inek-sagim-makineleri","10":"product_cat-sut-endustrisi","11":"product_cat-sut-sagim-makineleri","12":"product_cat-tek-gugumlu-makineler","14":"first","15":"instock","16":"shipping-taxable","17":"product-type-simple","18":"entry","19":"content-bg","20":"loop-entry"},"_links":{"self":[{"href":"https:\/\/www.enkatarim.com\/de\/wp-json\/wp\/v2\/product\/19527","targetHints":{"allow":["GET"]}}],"collection":[{"href":"https:\/\/www.enkatarim.com\/de\/wp-json\/wp\/v2\/product"}],"about":[{"href":"https:\/\/www.enkatarim.com\/de\/wp-json\/wp\/v2\/types\/product"}],"wp:featuredmedia":[{"embeddable":true,"href":"https:\/\/www.enkatarim.com\/de\/wp-json\/wp\/v2\/media\/2269"}],"wp:attachment":[{"href":"https:\/\/www.enkatarim.com\/de\/wp-json\/wp\/v2\/media?parent=19527"}],"wp:term":[{"taxonomy":"product_brand","embeddable":true,"href":"https:\/\/www.enkatarim.com\/de\/wp-json\/wp\/v2\/product_brand?post=19527"},{"taxonomy":"product_cat","embeddable":true,"href":"https:\/\/www.enkatarim.com\/de\/wp-json\/wp\/v2\/product_cat?post=19527"},{"taxonomy":"product_tag","embeddable":true,"href":"https:\/\/www.enkatarim.com\/de\/wp-json\/wp\/v2\/product_tag?post=19527"}],"curies":[{"name":"wp","href":"https:\/\/api.w.org\/{rel}","templated":true}]}}