{"id":18694,"date":"2023-03-07T15:12:04","date_gmt":"2023-03-07T15:12:04","guid":{"rendered":"https:\/\/enkatarim.com\/?post_type=product&#038;p=18694"},"modified":"2023-06-08T13:57:04","modified_gmt":"2023-06-08T13:57:04","slug":"1-x-12-mobil-koyun-sagim-makinesi-27190","status":"publish","type":"product","link":"https:\/\/www.enkatarim.com\/de\/urun\/1-x-12-mobil-koyun-sagim-makinesi-27190","title":{"rendered":"SM250 Mobile doppel Melkanlage mit 40l Edelstahl Eimer, trocken"},"content":{"rendered":"<p>Mobile Melkmaschinen f\u00fcr Schafe und Ziegen sollen eine schnelle, praktische und effiziente Milchleistung auf gro\u00dfer Fl\u00e4che erm\u00f6glichen. Milchersatzteile (Melkklauen, Schl\u00e4uche) werden je nach Bedarf bestimmt. In diesem System werden mechanische Pulsatoren als Standard verwendet, auf Wunsch k\u00f6nnen jedoch auch elektronische Pulsatoren verwendet werden. Auf dem mobilen Melksystem gibt es ein System, bei dem der Benutzer eine manuelle Reinigung durchf\u00fchrt. (Der Landwirt f\u00fcllt selbst hei\u00df-kaltes Wasser und saure-alkalische Desinfektionsmittel w\u00e4hrend des Waschens ein.) Die Wahl zwischen vollautomatischem oder halbautomatischem Waschsystem h\u00e4ngt von der Wahl des Kunden ab. Aufgrund der verzinkten Beschichtung ist es trotz widriger Witterungsbedingungen langlebig. Das durchschnittliche Gewicht betr\u00e4gt 400-450 kg, die Abmessungen betragen 130 x 235 x 190 cm.<\/p>\n<p>Visuell sichtbare und als Standard verwendete Materialien:<br \/>\n2 Schwenkr\u00e4der (150 mm), 2 aufblasbare R\u00e4der (400 x 80 x 20 mm), Auffangbeh\u00e4lter (30 l), Sanit\u00e4rverschluss (5 l), Servoregler (h\u00e4lt das von der Vakuumpumpe erzeugte Vakuum auf dem gew\u00fcnschten Niveau), Vakuumanzeige (100 mm), 750 l \/ min Vakuumpumpe (optional 220V oder 380V &#8211; Elektromotor 2,2 kW), Cottbus-Klaue (optional Leon-Klaue) und automatische Klauenst\u00fccke, Pegelanzeige (Die Pegelanzeige aktiviert die Transferpumpe mit dem Signal, das von der Pegelstange empfangen wird), Transferpumpe (optional 220V oder 380V &#8211; Elektromotor 1,1 kW), Edelstahlfilter (620x60mm), Edelstahlwaschwanne (70 l), es gibt ein Rohr in Form eines Edelstahl-Fragezeichens, das den Milchtransfer erm\u00f6glicht. Die Vakuumpumpe kann je nach Bedarf mit 220V oder 380V betrieben werden.<\/p>\n","protected":false},"excerpt":{"rendered":"<ul>\n<li>f\u00fcr Schafe<\/li>\n<li>1 x 12<\/li>\n<li>Hervorragendes Produkt<\/li>\n<li>Extrem praktisch in der Anwendung.<\/li>\n<li>Hoch effizient.<\/li>\n<\/ul>\n","protected":false},"featured_media":18686,"template":"","meta":{"_eb_attr":"","_kadence_starter_templates_imported_post":false,"_kad_post_transparent":"","_kad_post_title":"","_kad_post_layout":"","_kad_post_sidebar_id":"","_kad_post_content_style":"","_kad_post_vertical_padding":"","_kad_post_feature":"","_kad_post_feature_position":"","_kad_post_header":false,"_kad_post_footer":false,"_kad_post_classname":""},"product_brand":[],"product_cat":[1019,1031,1017,1018],"product_tag":[],"class_list":{"0":"post-18694","1":"product","2":"type-product","3":"status-publish","4":"has-post-thumbnail","6":"product_cat-hareketli-sut-sagim-makineleri","7":"product_cat-keci-sagim-makineleri","8":"product_cat-sut-endustrisi","9":"product_cat-sut-sagim-makineleri","11":"first","12":"instock","13":"shipping-taxable","14":"product-type-simple","15":"entry","16":"content-bg","17":"loop-entry"},"_links":{"self":[{"href":"https:\/\/www.enkatarim.com\/de\/wp-json\/wp\/v2\/product\/18694","targetHints":{"allow":["GET"]}}],"collection":[{"href":"https:\/\/www.enkatarim.com\/de\/wp-json\/wp\/v2\/product"}],"about":[{"href":"https:\/\/www.enkatarim.com\/de\/wp-json\/wp\/v2\/types\/product"}],"wp:featuredmedia":[{"embeddable":true,"href":"https:\/\/www.enkatarim.com\/de\/wp-json\/wp\/v2\/media\/18686"}],"wp:attachment":[{"href":"https:\/\/www.enkatarim.com\/de\/wp-json\/wp\/v2\/media?parent=18694"}],"wp:term":[{"taxonomy":"product_brand","embeddable":true,"href":"https:\/\/www.enkatarim.com\/de\/wp-json\/wp\/v2\/product_brand?post=18694"},{"taxonomy":"product_cat","embeddable":true,"href":"https:\/\/www.enkatarim.com\/de\/wp-json\/wp\/v2\/product_cat?post=18694"},{"taxonomy":"product_tag","embeddable":true,"href":"https:\/\/www.enkatarim.com\/de\/wp-json\/wp\/v2\/product_tag?post=18694"}],"curies":[{"name":"wp","href":"https:\/\/api.w.org\/{rel}","templated":true}]}}