{"id":18684,"date":"2023-03-07T15:12:03","date_gmt":"2023-03-07T15:12:03","guid":{"rendered":"https:\/\/enkatarim.com\/?post_type=product&#038;p=18684"},"modified":"2023-06-08T13:57:02","modified_gmt":"2023-06-08T13:57:02","slug":"2-x-6-mobil-buyukbas-sagim-makinesi-27120","status":"publish","type":"product","link":"https:\/\/www.enkatarim.com\/de\/urun\/2-x-6-mobil-buyukbas-sagim-makinesi-27120","title":{"rendered":"SM250 Mobile doppel Melkanlage mit 40l Edelstahl Eimer, trocken"},"content":{"rendered":"<p>Mobile Melkmaschinen f\u00fcr K\u00fche zielen darauf ab, eine schnelle, praktische und effiziente Melkung auf einer gro\u00dfen Fl\u00e4che zu erm\u00f6glichen. Milchersatzteile (Melkklauen, Schl\u00e4uche) werden je nach Bedarf bestimmt. Mechanische Pulsatoren werden in diesem System als Standard verwendet, aber auf Wunsch k\u00f6nnen auch optionale elektronische Pulsatoren eingesetzt werden. Auf dem mobilen Melksystem gibt es ein System, bei dem der Benutzer manuelle Reinigung durchf\u00fchrt. (Der Landwirt gibt selbst hei\u00df-kaltes Wasser und sauer-alkalischen Desinfektionsmittel w\u00e4hrend des Waschens hinzu.) Die Wahl eines vollautomatischen oder halbautomatischen Waschsystems h\u00e4ngt von der Wahl des Kunden ab. Durch die verzinkte Beschichtung ist es trotz widriger Witterungsbedingungen langlebig. Das durchschnittliche Gewicht betr\u00e4gt 400-450 kg, die Ma\u00dfe betragen 130 x 235 x 190 cm.<\/p>\n<p>Visuell sichtbare und als Standard verwendete Materialien:<br \/>\n2 Schwenkr\u00e4der mit Bremse (150 mm), 2 aufblasbare R\u00e4der (400 x 80 x 20 mm), Sammelbeh\u00e4lter (30 l), Glasfangbecher (5 l), Servoregler (h\u00e4lt das Vakuum, das von der Vakuumpumpe erzeugt wird, auf dem gew\u00fcnschten Niveau), Vakuumanzeige (100 mm), 750 l\/min Vakuumpumpe (optional 220V oder 380V &#8211; Elektromotor 2,2 kW) &#8211; (* 1200 l\/min Vakuumpumpe im 2&#215;6 Melksystem, 380V &#8211; Elektromotor 3 kW), 250 ccm Klaue (optional andere Kuhklauen), Niveauanzeigetafel (Die Niveauanzeigetafel aktiviert die Transferpumpe mit dem Signal, das vom Niveauanzeigestab empfangen wird), Transferpumpe (optional 220V oder 380V &#8211; Elektromotor 1,1 kW), Edelstahlfilter (620x60mm), Edelstahlwaschwanne (70 l), es gibt ein Rohr in Form eines Edelstahlfragezeichens, das den Milchtransfer erm\u00f6glicht. Die Vakuumpumpe kann je nach Bedarf mit 220V oder 380V betrieben werden. (** Das 2&#215;6 Melksystem funktioniert nur mit 380V.)<\/p>\n","protected":false},"excerpt":{"rendered":"<ul>\n<li>f\u00fcr K\u00fche<\/li>\n<li>2 x 6<\/li>\n<li>Hervorragendes Produkt<\/li>\n<li>Extrem praktisch in der Anwendung.<\/li>\n<li>Hoch effizient.<\/li>\n<\/ul>\n","protected":false},"featured_media":0,"template":"","meta":{"_eb_attr":"","_kadence_starter_templates_imported_post":false,"_kad_post_transparent":"","_kad_post_title":"","_kad_post_layout":"","_kad_post_sidebar_id":"","_kad_post_content_style":"","_kad_post_vertical_padding":"","_kad_post_feature":"","_kad_post_feature_position":"","_kad_post_header":false,"_kad_post_footer":false,"_kad_post_classname":""},"product_brand":[],"product_cat":[1019,1020,1017,1018],"product_tag":[],"class_list":{"0":"post-18684","1":"product","2":"type-product","3":"status-publish","5":"product_cat-hareketli-sut-sagim-makineleri","6":"product_cat-inek-sagim-makineleri","7":"product_cat-sut-endustrisi","8":"product_cat-sut-sagim-makineleri","10":"first","11":"instock","12":"shipping-taxable","13":"product-type-simple","14":"entry","15":"content-bg","16":"loop-entry"},"_links":{"self":[{"href":"https:\/\/www.enkatarim.com\/de\/wp-json\/wp\/v2\/product\/18684","targetHints":{"allow":["GET"]}}],"collection":[{"href":"https:\/\/www.enkatarim.com\/de\/wp-json\/wp\/v2\/product"}],"about":[{"href":"https:\/\/www.enkatarim.com\/de\/wp-json\/wp\/v2\/types\/product"}],"wp:attachment":[{"href":"https:\/\/www.enkatarim.com\/de\/wp-json\/wp\/v2\/media?parent=18684"}],"wp:term":[{"taxonomy":"product_brand","embeddable":true,"href":"https:\/\/www.enkatarim.com\/de\/wp-json\/wp\/v2\/product_brand?post=18684"},{"taxonomy":"product_cat","embeddable":true,"href":"https:\/\/www.enkatarim.com\/de\/wp-json\/wp\/v2\/product_cat?post=18684"},{"taxonomy":"product_tag","embeddable":true,"href":"https:\/\/www.enkatarim.com\/de\/wp-json\/wp\/v2\/product_tag?post=18684"}],"curies":[{"name":"wp","href":"https:\/\/api.w.org\/{rel}","templated":true}]}}