{"id":18658,"date":"2023-03-07T15:11:58","date_gmt":"2023-03-07T15:11:58","guid":{"rendered":"https:\/\/enkatarim.com\/?post_type=product&#038;p=18658"},"modified":"2023-06-08T13:56:58","modified_gmt":"2023-06-08T13:56:58","slug":"aluminyum-gecme-kapak-gecme-kapakli-aluminyum-sut-gugumu-icin-19053","status":"publish","type":"product","link":"https:\/\/www.enkatarim.com\/de\/urun\/aluminyum-gecme-kapak-gecme-kapakli-aluminyum-sut-gugumu-icin-19053","title":{"rendered":"Al\u00fcminyum ge\u00e7me kapak, ge\u00e7me kapakl\u0131 al\u00fcminyum s\u00fct g\u00fc\u011f\u00fcm\u00fc i\u00e7in"},"content":{"rendered":"<ul>\n<li>Steckerdeckel<\/li>\n<li>Aluminium<\/li>\n<\/ul>\n","protected":false},"excerpt":{"rendered":"<p>Steckerdeckel Aluminium<\/p>\n","protected":false},"featured_media":21501,"template":"","meta":{"_eb_attr":"","_kadence_starter_templates_imported_post":false,"_kad_post_transparent":"","_kad_post_title":"","_kad_post_layout":"","_kad_post_sidebar_id":"","_kad_post_content_style":"","_kad_post_vertical_padding":"","_kad_post_feature":"","_kad_post_feature_position":"","_kad_post_header":false,"_kad_post_footer":false,"_kad_post_classname":""},"product_brand":[],"product_cat":[1481,1098,1220],"product_tag":[],"class_list":{"0":"post-18658","1":"product","2":"type-product","3":"status-publish","4":"has-post-thumbnail","6":"product_cat-aluminyum-gugum-kapaklari","7":"product_cat-gecme-kapakli-sut-gugumleri","8":"product_cat-gugum-kapaklari","10":"first","11":"instock","12":"shipping-taxable","13":"product-type-simple","14":"entry","15":"content-bg","16":"loop-entry"},"_links":{"self":[{"href":"https:\/\/www.enkatarim.com\/de\/wp-json\/wp\/v2\/product\/18658","targetHints":{"allow":["GET"]}}],"collection":[{"href":"https:\/\/www.enkatarim.com\/de\/wp-json\/wp\/v2\/product"}],"about":[{"href":"https:\/\/www.enkatarim.com\/de\/wp-json\/wp\/v2\/types\/product"}],"wp:featuredmedia":[{"embeddable":true,"href":"https:\/\/www.enkatarim.com\/de\/wp-json\/wp\/v2\/media\/21501"}],"wp:attachment":[{"href":"https:\/\/www.enkatarim.com\/de\/wp-json\/wp\/v2\/media?parent=18658"}],"wp:term":[{"taxonomy":"product_brand","embeddable":true,"href":"https:\/\/www.enkatarim.com\/de\/wp-json\/wp\/v2\/product_brand?post=18658"},{"taxonomy":"product_cat","embeddable":true,"href":"https:\/\/www.enkatarim.com\/de\/wp-json\/wp\/v2\/product_cat?post=18658"},{"taxonomy":"product_tag","embeddable":true,"href":"https:\/\/www.enkatarim.com\/de\/wp-json\/wp\/v2\/product_tag?post=18658"}],"curies":[{"name":"wp","href":"https:\/\/api.w.org\/{rel}","templated":true}]}}