{"id":18615,"date":"2023-03-07T15:11:53","date_gmt":"2023-03-07T15:11:53","guid":{"rendered":"https:\/\/enkatarim.com\/?post_type=product&#038;p=18615"},"modified":"2023-04-13T08:09:02","modified_gmt":"2023-04-13T08:09:02","slug":"375-lt-sabit-sistem-85-mm-turbo-yagli-vakum-pompasi-09997","status":"publish","type":"product","link":"https:\/\/www.enkatarim.com\/de\/urun\/375-lt-sabit-sistem-85-mm-turbo-yagli-vakum-pompasi-09997","title":{"rendered":"375 lt sabit sistem 85 mm turbo ya\u011fl\u0131 vakum pompas\u0131"},"content":{"rendered":"\n<table id=\"tablepress-281\" class=\"tablepress tablepress-id-281\">\n<tbody class=\"row-striping row-hover\">\n<tr class=\"row-1\">\n\t<td class=\"column-1\">Technische Daten<\/td><td class=\"column-2\">#colspan<\/td>\n<\/tr>\n<tr class=\"row-2\">\n\t<td class=\"column-1\">Typ<\/td><td class=\"column-2\">70 mm,tropfend \u00f6lig<\/td>\n<\/tr>\n<tr class=\"row-3\">\n\t<td class=\"column-1\">Spannung<\/td><td class=\"column-2\">220V 50Hz<\/td>\n<\/tr>\n<tr class=\"row-4\">\n\t<td class=\"column-1\">Rotation<\/td><td class=\"column-2\">1450 U\/min<\/td>\n<\/tr>\n<tr class=\"row-5\">\n\t<td class=\"column-1\">Motorleistung<\/td><td class=\"column-2\">0.55 kW<\/td>\n<\/tr>\n<tr class=\"row-6\">\n\t<td class=\"column-1\">Vakuumkapazit\u00e4t<\/td><td class=\"column-2\">200 l<\/td>\n<\/tr>\n<\/tbody>\n<\/table>\n<!-- #tablepress-281 from cache -->\n","protected":false},"excerpt":{"rendered":"","protected":false},"featured_media":4434,"template":"","meta":{"_eb_attr":"","_kadence_starter_templates_imported_post":false,"_kad_post_transparent":"","_kad_post_title":"","_kad_post_layout":"","_kad_post_sidebar_id":"","_kad_post_content_style":"","_kad_post_vertical_padding":"","_kad_post_feature":"","_kad_post_feature_position":"","_kad_post_header":false,"_kad_post_footer":false,"_kad_post_classname":""},"product_brand":[],"product_cat":[1254,1252,1249],"product_tag":[],"class_list":{"0":"post-18615","1":"product","2":"type-product","3":"status-publish","4":"has-post-thumbnail","6":"product_cat-damlama-yagli-vakum-pompalari","7":"product_cat-sabit-tip-vakum-pompalari","8":"product_cat-vakum-pompalari","10":"first","11":"instock","12":"shipping-taxable","13":"product-type-simple","14":"entry","15":"content-bg","16":"loop-entry"},"_links":{"self":[{"href":"https:\/\/www.enkatarim.com\/de\/wp-json\/wp\/v2\/product\/18615","targetHints":{"allow":["GET"]}}],"collection":[{"href":"https:\/\/www.enkatarim.com\/de\/wp-json\/wp\/v2\/product"}],"about":[{"href":"https:\/\/www.enkatarim.com\/de\/wp-json\/wp\/v2\/types\/product"}],"wp:featuredmedia":[{"embeddable":true,"href":"https:\/\/www.enkatarim.com\/de\/wp-json\/wp\/v2\/media\/4434"}],"wp:attachment":[{"href":"https:\/\/www.enkatarim.com\/de\/wp-json\/wp\/v2\/media?parent=18615"}],"wp:term":[{"taxonomy":"product_brand","embeddable":true,"href":"https:\/\/www.enkatarim.com\/de\/wp-json\/wp\/v2\/product_brand?post=18615"},{"taxonomy":"product_cat","embeddable":true,"href":"https:\/\/www.enkatarim.com\/de\/wp-json\/wp\/v2\/product_cat?post=18615"},{"taxonomy":"product_tag","embeddable":true,"href":"https:\/\/www.enkatarim.com\/de\/wp-json\/wp\/v2\/product_tag?post=18615"}],"curies":[{"name":"wp","href":"https:\/\/api.w.org\/{rel}","templated":true}]}}