{"id":18506,"date":"2023-03-07T15:11:52","date_gmt":"2023-03-07T15:11:52","guid":{"rendered":"https:\/\/enkatarim.com\/?post_type=product&#038;p=18506"},"modified":"2023-06-08T13:56:56","modified_gmt":"2023-06-08T13:56:56","slug":"300-kg-desis-dec-ii-kantar","status":"publish","type":"product","link":"https:\/\/www.enkatarim.com\/de\/urun\/300-kg-desis-dec-ii-kantar","title":{"rendered":"TEM EKO+ vin\u00e7 bask\u00fcl\u00fc, 500 kg"},"content":{"rendered":"<ul>\n<li>Wiegekapazit\u00e4t: 500 kg<\/li>\n<li>6-stellige LED-Anzeige<\/li>\n<li>Ziffernh\u00f6he: 20 mm<\/li>\n<li>5-Tasten einfache Bedienung<\/li>\n<li>Bis zu 40 Stunden Nutzung mit Akku<\/li>\n<li>RS485 PC-Ausgangsoption<\/li>\n<\/ul>\n","protected":false},"excerpt":{"rendered":"<p>Wiegekapazit\u00e4t: 500 kg 6-stellige LED-Anzeige Ziffernh\u00f6he: 20 mm 5-Tasten einfache Bedienung Bis zu 40 Stunden Nutzung mit Akku RS485 PC-Ausgangsoption<\/p>\n","protected":false},"featured_media":18507,"template":"","meta":{"_eb_attr":"","_kadence_starter_templates_imported_post":false,"_kad_post_transparent":"","_kad_post_title":"","_kad_post_layout":"","_kad_post_sidebar_id":"","_kad_post_content_style":"","_kad_post_vertical_padding":"","_kad_post_feature":"","_kad_post_feature_position":"","_kad_post_header":false,"_kad_post_footer":false,"_kad_post_classname":""},"product_brand":[],"product_cat":[1051,1268],"product_tag":[],"class_list":{"0":"post-18506","1":"product","2":"type-product","3":"status-publish","4":"has-post-thumbnail","6":"product_cat-ciftlik-ve-hayvancilik-ekipmanlari","7":"product_cat-terazi-ve-kantarlar","9":"first","10":"instock","11":"shipping-taxable","12":"product-type-simple","13":"entry","14":"content-bg","15":"loop-entry"},"_links":{"self":[{"href":"https:\/\/www.enkatarim.com\/de\/wp-json\/wp\/v2\/product\/18506","targetHints":{"allow":["GET"]}}],"collection":[{"href":"https:\/\/www.enkatarim.com\/de\/wp-json\/wp\/v2\/product"}],"about":[{"href":"https:\/\/www.enkatarim.com\/de\/wp-json\/wp\/v2\/types\/product"}],"wp:featuredmedia":[{"embeddable":true,"href":"https:\/\/www.enkatarim.com\/de\/wp-json\/wp\/v2\/media\/18507"}],"wp:attachment":[{"href":"https:\/\/www.enkatarim.com\/de\/wp-json\/wp\/v2\/media?parent=18506"}],"wp:term":[{"taxonomy":"product_brand","embeddable":true,"href":"https:\/\/www.enkatarim.com\/de\/wp-json\/wp\/v2\/product_brand?post=18506"},{"taxonomy":"product_cat","embeddable":true,"href":"https:\/\/www.enkatarim.com\/de\/wp-json\/wp\/v2\/product_cat?post=18506"},{"taxonomy":"product_tag","embeddable":true,"href":"https:\/\/www.enkatarim.com\/de\/wp-json\/wp\/v2\/product_tag?post=18506"}],"curies":[{"name":"wp","href":"https:\/\/api.w.org\/{rel}","templated":true}]}}