{"id":17839,"date":"2023-03-07T15:11:50","date_gmt":"2023-03-07T15:11:50","guid":{"rendered":"https:\/\/enkatarim.com\/?post_type=product&#038;p=17839"},"modified":"2023-06-08T13:56:55","modified_gmt":"2023-06-08T13:56:55","slug":"elektrikli-cit-bantlari-icin-birlestirme-parcasi-40-mm-50110","status":"publish","type":"product","link":"https:\/\/www.enkatarim.com\/de\/urun\/elektrikli-cit-bantlari-icin-birlestirme-parcasi-40-mm-50110","title":{"rendered":"Elektrikli \u00e7it bantlar\u0131 i\u00e7in birle\u015ftirme par\u00e7as\u0131, 40 mm"},"content":{"rendered":"<ul>\n<li>40 mm<\/li>\n<li>Edelstahl<\/li>\n<li>5er-Pack<\/li>\n<\/ul>\n","protected":false},"excerpt":{"rendered":"<p>40 mm Edelstahl 5er-Pack<\/p>\n","protected":false},"featured_media":6477,"template":"","meta":{"_eb_attr":"","_kadence_starter_templates_imported_post":false,"_kad_post_transparent":"","_kad_post_title":"","_kad_post_layout":"","_kad_post_sidebar_id":"","_kad_post_content_style":"","_kad_post_vertical_padding":"","_kad_post_feature":"","_kad_post_feature_position":"","_kad_post_header":false,"_kad_post_footer":false,"_kad_post_classname":""},"product_brand":[],"product_cat":[1219,1195],"product_tag":[],"class_list":{"0":"post-17839","1":"product","2":"type-product","3":"status-publish","4":"has-post-thumbnail","6":"product_cat-elektrikli-cit-parcalari","7":"product_cat-elektrikli-cit-sistemleri","9":"first","10":"instock","11":"shipping-taxable","12":"product-type-simple","13":"entry","14":"content-bg","15":"loop-entry"},"_links":{"self":[{"href":"https:\/\/www.enkatarim.com\/de\/wp-json\/wp\/v2\/product\/17839","targetHints":{"allow":["GET"]}}],"collection":[{"href":"https:\/\/www.enkatarim.com\/de\/wp-json\/wp\/v2\/product"}],"about":[{"href":"https:\/\/www.enkatarim.com\/de\/wp-json\/wp\/v2\/types\/product"}],"wp:featuredmedia":[{"embeddable":true,"href":"https:\/\/www.enkatarim.com\/de\/wp-json\/wp\/v2\/media\/6477"}],"wp:attachment":[{"href":"https:\/\/www.enkatarim.com\/de\/wp-json\/wp\/v2\/media?parent=17839"}],"wp:term":[{"taxonomy":"product_brand","embeddable":true,"href":"https:\/\/www.enkatarim.com\/de\/wp-json\/wp\/v2\/product_brand?post=17839"},{"taxonomy":"product_cat","embeddable":true,"href":"https:\/\/www.enkatarim.com\/de\/wp-json\/wp\/v2\/product_cat?post=17839"},{"taxonomy":"product_tag","embeddable":true,"href":"https:\/\/www.enkatarim.com\/de\/wp-json\/wp\/v2\/product_tag?post=17839"}],"curies":[{"name":"wp","href":"https:\/\/api.w.org\/{rel}","templated":true}]}}