{"id":17750,"date":"2023-03-07T15:11:49","date_gmt":"2023-03-07T15:11:49","guid":{"rendered":"https:\/\/enkatarim.com\/?post_type=product&#038;p=17750"},"modified":"2023-06-08T13:56:55","modified_gmt":"2023-06-08T13:56:55","slug":"10-lt-paslanmaz-celik-sut-suzme-filtresi-o-175-mm-18087","status":"publish","type":"product","link":"https:\/\/www.enkatarim.com\/de\/urun\/10-lt-paslanmaz-celik-sut-suzme-filtresi-o-175-mm-18087","title":{"rendered":"10 lt paslanmaz \u00e7elik s\u00fct s\u00fczme filtresi, \u00d8 175 mm"},"content":{"rendered":"<ul>\n<li>\u00d8 175 mm<\/li>\n<li>18086 ist ein Teil eines 10 lt Edelstahl-Milchfiltrationsbeh\u00e4lters.<\/li>\n<\/ul>\n","protected":false},"excerpt":{"rendered":"<p>\u00d8 175 mm 18086 ist ein Teil eines 10 lt Edelstahl-Milchfiltrationsbeh\u00e4lters.<\/p>\n","protected":false},"featured_media":17751,"template":"","meta":{"_eb_attr":"","_kadence_starter_templates_imported_post":false,"_kad_post_transparent":"","_kad_post_title":"","_kad_post_layout":"","_kad_post_sidebar_id":"","_kad_post_content_style":"","_kad_post_vertical_padding":"","_kad_post_feature":"","_kad_post_feature_position":"","_kad_post_header":false,"_kad_post_footer":false,"_kad_post_classname":""},"product_brand":[],"product_cat":[1017,1233,1239],"product_tag":[],"class_list":{"0":"post-17750","1":"product","2":"type-product","3":"status-publish","4":"has-post-thumbnail","6":"product_cat-sut-endustrisi","7":"product_cat-sut-olcum-araclari","8":"product_cat-sut-suzme-kaplari","10":"first","11":"instock","12":"shipping-taxable","13":"product-type-simple","14":"entry","15":"content-bg","16":"loop-entry"},"_links":{"self":[{"href":"https:\/\/www.enkatarim.com\/de\/wp-json\/wp\/v2\/product\/17750","targetHints":{"allow":["GET"]}}],"collection":[{"href":"https:\/\/www.enkatarim.com\/de\/wp-json\/wp\/v2\/product"}],"about":[{"href":"https:\/\/www.enkatarim.com\/de\/wp-json\/wp\/v2\/types\/product"}],"wp:featuredmedia":[{"embeddable":true,"href":"https:\/\/www.enkatarim.com\/de\/wp-json\/wp\/v2\/media\/17751"}],"wp:attachment":[{"href":"https:\/\/www.enkatarim.com\/de\/wp-json\/wp\/v2\/media?parent=17750"}],"wp:term":[{"taxonomy":"product_brand","embeddable":true,"href":"https:\/\/www.enkatarim.com\/de\/wp-json\/wp\/v2\/product_brand?post=17750"},{"taxonomy":"product_cat","embeddable":true,"href":"https:\/\/www.enkatarim.com\/de\/wp-json\/wp\/v2\/product_cat?post=17750"},{"taxonomy":"product_tag","embeddable":true,"href":"https:\/\/www.enkatarim.com\/de\/wp-json\/wp\/v2\/product_tag?post=17750"}],"curies":[{"name":"wp","href":"https:\/\/api.w.org\/{rel}","templated":true}]}}