{"id":17616,"date":"2023-03-07T15:11:43","date_gmt":"2023-03-07T15:11:43","guid":{"rendered":"https:\/\/enkatarim.com\/?post_type=product&#038;p=17616"},"modified":"2023-06-08T13:56:50","modified_gmt":"2023-06-08T13:56:50","slug":"plastik-hayvan-altligi-28781","status":"publish","type":"product","link":"https:\/\/www.enkatarim.com\/de\/urun\/plastik-hayvan-altligi-28781","title":{"rendered":"Plastik hayvan altl\u0131\u011f\u0131, 62 x 82 x 5 cm"},"content":{"rendered":"<ul>\n<li>Ma\u00dfe: 62 x 82 x 5 cm<\/li>\n<li>Gewicht: 1,9 kg<\/li>\n<li>Material: Kunststoff<\/li>\n<li>Farbe: Blau und Gr\u00fcn<\/li>\n<li>2 St\u00fcck decken 1 m\u00b2 ab.<\/li>\n<\/ul>\n","protected":false},"excerpt":{"rendered":"<p>Ma\u00dfe: 62 x 82 x 5 cm Gewicht: 1,9 kg Material: Kunststoff Farbe: Blau und Gr\u00fcn 2 St\u00fcck decken 1 m\u00b2 ab.<\/p>\n","protected":false},"featured_media":6249,"template":"","meta":{"_eb_attr":"","_kadence_starter_templates_imported_post":false,"_kad_post_transparent":"","_kad_post_title":"","_kad_post_layout":"","_kad_post_sidebar_id":"","_kad_post_content_style":"","_kad_post_vertical_padding":"","_kad_post_feature":"","_kad_post_feature_position":"","_kad_post_header":false,"_kad_post_footer":false,"_kad_post_classname":""},"product_brand":[],"product_cat":[1051,1267],"product_tag":[],"class_list":{"0":"post-17616","1":"product","2":"type-product","3":"status-publish","4":"has-post-thumbnail","6":"product_cat-ciftlik-ve-hayvancilik-ekipmanlari","7":"product_cat-hayvan-yataklari","9":"first","10":"instock","11":"shipping-taxable","12":"product-type-simple","13":"entry","14":"content-bg","15":"loop-entry"},"_links":{"self":[{"href":"https:\/\/www.enkatarim.com\/de\/wp-json\/wp\/v2\/product\/17616","targetHints":{"allow":["GET"]}}],"collection":[{"href":"https:\/\/www.enkatarim.com\/de\/wp-json\/wp\/v2\/product"}],"about":[{"href":"https:\/\/www.enkatarim.com\/de\/wp-json\/wp\/v2\/types\/product"}],"wp:featuredmedia":[{"embeddable":true,"href":"https:\/\/www.enkatarim.com\/de\/wp-json\/wp\/v2\/media\/6249"}],"wp:attachment":[{"href":"https:\/\/www.enkatarim.com\/de\/wp-json\/wp\/v2\/media?parent=17616"}],"wp:term":[{"taxonomy":"product_brand","embeddable":true,"href":"https:\/\/www.enkatarim.com\/de\/wp-json\/wp\/v2\/product_brand?post=17616"},{"taxonomy":"product_cat","embeddable":true,"href":"https:\/\/www.enkatarim.com\/de\/wp-json\/wp\/v2\/product_cat?post=17616"},{"taxonomy":"product_tag","embeddable":true,"href":"https:\/\/www.enkatarim.com\/de\/wp-json\/wp\/v2\/product_tag?post=17616"}],"curies":[{"name":"wp","href":"https:\/\/api.w.org\/{rel}","templated":true}]}}