{"id":17380,"date":"2023-03-07T15:11:39","date_gmt":"2023-03-07T15:11:39","guid":{"rendered":"https:\/\/enkatarim.com\/?post_type=product&#038;p=17380"},"modified":"2025-04-04T14:32:57","modified_gmt":"2025-04-04T11:32:57","slug":"enka-ekonomik-koyun-kirkim-makinesi-46180","status":"publish","type":"product","link":"https:\/\/www.enkatarim.com\/de\/urun\/enka-ekonomik-koyun-kirkim-makinesi-46180","title":{"rendered":"Enka Schafschermaschine, wirtschaftlich"},"content":{"rendered":"<p>\n<table id=\"tablepress-406\" class=\"tablepress tablepress-id-406\">\n<tbody class=\"row-striping row-hover\">\n<tr class=\"row-1\">\n\t<td class=\"column-1\">Spannung<\/td><td class=\"column-2\">220 V 50 Hz<\/td>\n<\/tr>\n<tr class=\"row-2\">\n\t<td class=\"column-1\">Motorleistung<\/td><td class=\"column-2\">320 W<\/td>\n<\/tr>\n<tr class=\"row-3\">\n\t<td class=\"column-1\">Geschwindigkeit<\/td><td class=\"column-2\">2500 U\/min<\/td>\n<\/tr>\n<tr class=\"row-4\">\n\t<td class=\"column-1\">L\u00e4nge (1) \/ (2) \/ (3)<\/td><td class=\"column-2\">1900 g<\/td>\n<\/tr>\n<tr class=\"row-5\">\n\t<td class=\"column-1\">Gewicht<\/td><td class=\"column-2\">340 mm<\/td>\n<\/tr>\n<tr class=\"row-6\">\n\t<td class=\"column-1\">Ger\u00e4usch<\/td><td class=\"column-2\">(~) 75 dB<\/td>\n<\/tr>\n<\/tbody>\n<\/table>\n<!-- #tablepress-406 from cache --><br \/>\nIn der Tragetasche befinden sich Messer, ein Schraubendreher, \u00d6l und eine B\u00fcrste.<\/p>\n<p>Enka Tar\u0131m liefert eine Vielzahl von Schermaschinen, die in ihren jeweiligen Bereichen getestet und als zuverl\u00e4ssig erwiesen wurden. Sie bestehen aus den besten Modellen von vertrauensw\u00fcrdigen Marken.<\/p>\n<p>Egal, ob Sie Schermaschinen f\u00fcr K\u00fche, Schafe, Ziegen, Pferde, Katzen oder Hunde ben\u00f6tigen, bei Enka Agriculture erhalten Sie einfachen Zugang zu den besten Schermaschinenprodukten von Top-Marken wie Kerbl, Heiniger und Moser sowie den Original-Ersatzteilen, die Sie das ganze Jahr \u00fcber ben\u00f6tigen.<\/p>\n","protected":false},"excerpt":{"rendered":"<p>In der Tragetasche befinden sich Messer, ein Schraubendreher, \u00d6l und eine B\u00fcrste. Enka Tar\u0131m liefert eine Vielzahl von Schermaschinen, die in ihren jeweiligen Bereichen getestet und als zuverl\u00e4ssig erwiesen wurden. Sie bestehen aus den besten Modellen von vertrauensw\u00fcrdigen Marken. Egal, ob Sie Schermaschinen f\u00fcr K\u00fche, Schafe, Ziegen, Pferde, Katzen oder Hunde ben\u00f6tigen, bei Enka Agriculture&#8230;<\/p>\n","protected":false},"featured_media":23956,"template":"","meta":{"_eb_attr":"","_kadence_starter_templates_imported_post":false,"_kad_post_transparent":"default","_kad_post_title":"","_kad_post_layout":"default","_kad_post_sidebar_id":"","_kad_post_content_style":"default","_kad_post_vertical_padding":"default","_kad_post_feature":"","_kad_post_feature_position":"","_kad_post_header":false,"_kad_post_footer":false,"_kad_post_classname":""},"product_brand":[],"product_cat":[1044,1049],"product_tag":[],"class_list":{"0":"post-17380","1":"product","2":"type-product","3":"status-publish","4":"has-post-thumbnail","6":"product_cat-kirkma-makineleri","7":"product_cat-koyun-kirkma-makineleri","9":"first","10":"instock","11":"shipping-taxable","12":"product-type-simple","13":"entry","14":"content-bg","15":"loop-entry"},"_links":{"self":[{"href":"https:\/\/www.enkatarim.com\/de\/wp-json\/wp\/v2\/product\/17380","targetHints":{"allow":["GET"]}}],"collection":[{"href":"https:\/\/www.enkatarim.com\/de\/wp-json\/wp\/v2\/product"}],"about":[{"href":"https:\/\/www.enkatarim.com\/de\/wp-json\/wp\/v2\/types\/product"}],"wp:featuredmedia":[{"embeddable":true,"href":"https:\/\/www.enkatarim.com\/de\/wp-json\/wp\/v2\/media\/23956"}],"wp:attachment":[{"href":"https:\/\/www.enkatarim.com\/de\/wp-json\/wp\/v2\/media?parent=17380"}],"wp:term":[{"taxonomy":"product_brand","embeddable":true,"href":"https:\/\/www.enkatarim.com\/de\/wp-json\/wp\/v2\/product_brand?post=17380"},{"taxonomy":"product_cat","embeddable":true,"href":"https:\/\/www.enkatarim.com\/de\/wp-json\/wp\/v2\/product_cat?post=17380"},{"taxonomy":"product_tag","embeddable":true,"href":"https:\/\/www.enkatarim.com\/de\/wp-json\/wp\/v2\/product_tag?post=17380"}],"curies":[{"name":"wp","href":"https:\/\/api.w.org\/{rel}","templated":true}]}}