{"id":16791,"date":"2023-03-07T15:11:37","date_gmt":"2023-03-07T15:11:37","guid":{"rendered":"https:\/\/enkatarim.com\/?post_type=product&#038;p=16791"},"modified":"2023-06-13T10:54:21","modified_gmt":"2023-06-13T10:54:21","slug":"1518-lt-acik-tip-sut-sogutma-tanki-trfaze-56500","status":"publish","type":"product","link":"https:\/\/www.enkatarim.com\/de\/urun\/1518-lt-acik-tip-sut-sogutma-tanki-trfaze-56500","title":{"rendered":"1518 lt a\u00e7\u0131k tip s\u00fct so\u011futma tank\u0131, trifaze"},"content":{"rendered":"","protected":false},"excerpt":{"rendered":"","protected":false},"featured_media":16792,"template":"","meta":{"_eb_attr":"","_kadence_starter_templates_imported_post":false,"_kad_post_transparent":"default","_kad_post_title":"","_kad_post_layout":"default","_kad_post_sidebar_id":"","_kad_post_content_style":"default","_kad_post_vertical_padding":"default","_kad_post_feature":"","_kad_post_feature_position":"","_kad_post_header":false,"_kad_post_footer":false,"_kad_post_classname":""},"product_brand":[],"product_cat":[1507,1167],"product_tag":[],"class_list":{"0":"post-16791","1":"product","2":"type-product","3":"status-publish","4":"has-post-thumbnail","6":"product_cat-acik-sut-sogutma-tanklari","7":"product_cat-sut-sogutma-tanklari","9":"first","10":"instock","11":"shipping-taxable","12":"product-type-simple","13":"entry","14":"content-bg","15":"loop-entry"},"_links":{"self":[{"href":"https:\/\/www.enkatarim.com\/de\/wp-json\/wp\/v2\/product\/16791","targetHints":{"allow":["GET"]}}],"collection":[{"href":"https:\/\/www.enkatarim.com\/de\/wp-json\/wp\/v2\/product"}],"about":[{"href":"https:\/\/www.enkatarim.com\/de\/wp-json\/wp\/v2\/types\/product"}],"wp:featuredmedia":[{"embeddable":true,"href":"https:\/\/www.enkatarim.com\/de\/wp-json\/wp\/v2\/media\/16792"}],"wp:attachment":[{"href":"https:\/\/www.enkatarim.com\/de\/wp-json\/wp\/v2\/media?parent=16791"}],"wp:term":[{"taxonomy":"product_brand","embeddable":true,"href":"https:\/\/www.enkatarim.com\/de\/wp-json\/wp\/v2\/product_brand?post=16791"},{"taxonomy":"product_cat","embeddable":true,"href":"https:\/\/www.enkatarim.com\/de\/wp-json\/wp\/v2\/product_cat?post=16791"},{"taxonomy":"product_tag","embeddable":true,"href":"https:\/\/www.enkatarim.com\/de\/wp-json\/wp\/v2\/product_tag?post=16791"}],"curies":[{"name":"wp","href":"https:\/\/api.w.org\/{rel}","templated":true}]}}