{"id":15898,"date":"2023-03-07T15:11:18","date_gmt":"2023-03-07T15:11:18","guid":{"rendered":"https:\/\/enkatarim.com\/?post_type=product&#038;p=15898"},"modified":"2023-06-08T13:56:33","modified_gmt":"2023-06-08T13:56:33","slug":"16-lt-samandirali-ayakli-tavuk-sulugu-60612","status":"publish","type":"product","link":"https:\/\/www.enkatarim.com\/de\/urun\/16-lt-samandirali-ayakli-tavuk-sulugu-60612","title":{"rendered":"16 l Tr\u00e4nke f\u00fcr Gefl\u00fcgel mit Schwimmerventil"},"content":{"rendered":"<ul>\n<li>16 Liter<\/li>\n<li>Kunststoff<\/li>\n<li>Lebensmittelecht<\/li>\n<li>Aufh\u00e4ngbar<\/li>\n<li>Mit St\u00e4nder<\/li>\n<li>Mit Schwimmerventil<\/li>\n<\/ul>\n","protected":false},"excerpt":{"rendered":"<p>16 Liter Kunststoff Lebensmittelecht Aufh\u00e4ngbar Mit St\u00e4nder Mit Schwimmerventil<\/p>\n","protected":false},"featured_media":15899,"template":"","meta":{"_eb_attr":"","_kadence_starter_templates_imported_post":false,"_kad_post_transparent":"","_kad_post_title":"","_kad_post_layout":"","_kad_post_sidebar_id":"","_kad_post_content_style":"","_kad_post_vertical_padding":"","_kad_post_feature":"","_kad_post_feature_position":"","_kad_post_header":false,"_kad_post_footer":false,"_kad_post_classname":""},"product_brand":[],"product_cat":[1051,1402,1405,1403],"product_tag":[],"class_list":{"0":"post-15898","1":"product","2":"type-product","3":"status-publish","4":"has-post-thumbnail","6":"product_cat-ciftlik-ve-hayvancilik-ekipmanlari","7":"product_cat-kumes-hayvanlari-ekipmanlari","8":"product_cat-plastik-yemlikler","9":"product_cat-yemlikler","11":"first","12":"instock","13":"shipping-taxable","14":"product-type-simple","15":"entry","16":"content-bg","17":"loop-entry"},"_links":{"self":[{"href":"https:\/\/www.enkatarim.com\/de\/wp-json\/wp\/v2\/product\/15898","targetHints":{"allow":["GET"]}}],"collection":[{"href":"https:\/\/www.enkatarim.com\/de\/wp-json\/wp\/v2\/product"}],"about":[{"href":"https:\/\/www.enkatarim.com\/de\/wp-json\/wp\/v2\/types\/product"}],"wp:featuredmedia":[{"embeddable":true,"href":"https:\/\/www.enkatarim.com\/de\/wp-json\/wp\/v2\/media\/15899"}],"wp:attachment":[{"href":"https:\/\/www.enkatarim.com\/de\/wp-json\/wp\/v2\/media?parent=15898"}],"wp:term":[{"taxonomy":"product_brand","embeddable":true,"href":"https:\/\/www.enkatarim.com\/de\/wp-json\/wp\/v2\/product_brand?post=15898"},{"taxonomy":"product_cat","embeddable":true,"href":"https:\/\/www.enkatarim.com\/de\/wp-json\/wp\/v2\/product_cat?post=15898"},{"taxonomy":"product_tag","embeddable":true,"href":"https:\/\/www.enkatarim.com\/de\/wp-json\/wp\/v2\/product_tag?post=15898"}],"curies":[{"name":"wp","href":"https:\/\/api.w.org\/{rel}","templated":true}]}}