{"id":11996,"date":"2023-03-07T15:11:08","date_gmt":"2023-03-07T15:11:08","guid":{"rendered":"https:\/\/enkatarim.com\/?post_type=product&#038;p=11996"},"modified":"2023-06-08T13:56:30","modified_gmt":"2023-06-08T13:56:30","slug":"battery-clipper-delox-evcil-hayvanlar-icin-kirkim-makinesi-45495","status":"publish","type":"product","link":"https:\/\/www.enkatarim.com\/de\/urun\/battery-clipper-delox-evcil-hayvanlar-icin-kirkim-makinesi-45495","title":{"rendered":"Akku-Schermaschine DeluXE f\u00fcr Kleintiere"},"content":{"rendered":"<ul>\n<li>3 Schneidgeschwindigkeiten.<\/li>\n<li>Hervorragender Schnitt dank rostfreiem Stahl-Schermesser.<\/li>\n<li>Hochwertiger und langlebiger Motor.<\/li>\n<li>Leistungsstarker 2200 mAh Akku.<\/li>\n<li>Digitale Anzeige zeigt Ladezustand, Reinigung und verbleibende Batterie an.<\/li>\n<li>Kann auch mit Kabel verwendet werden.<\/li>\n<li>5-stufige Schnitth\u00f6he von 0,8 mm bis 2 mm.<\/li>\n<li>4 verschiedene Aufsteckk\u00e4mme in den H\u00f6hen 3, 6, 9 und 12 mm, nur f\u00fcr detaillierten Schnitt geeignet.<\/li>\n<\/ul>\n<p>\n<table id=\"tablepress-412\" class=\"tablepress tablepress-id-412\">\n<tbody class=\"row-striping row-hover\">\n<tr class=\"row-1\">\n\t<td class=\"column-1\">Spannung<\/td><td class=\"column-2\">100 - 240 V, 50 \/ 60 Hz<\/td>\n<\/tr>\n<tr class=\"row-2\">\n\t<td class=\"column-1\">Kapazit\u00e4t<\/td><td class=\"column-2\">2200 mAh<\/td>\n<\/tr>\n<tr class=\"row-3\">\n\t<td class=\"column-1\">Motorleistung<\/td><td class=\"column-2\">4000 \/ 5000 \/ 6000 U\/min<\/td>\n<\/tr>\n<tr class=\"row-4\">\n\t<td class=\"column-1\">Abmessungen<\/td><td class=\"column-2\">180 x 67 x 42 mm<\/td>\n<\/tr>\n<tr class=\"row-5\">\n\t<td class=\"column-1\">Gewicht<\/td><td class=\"column-2\">242 g<\/td>\n<\/tr>\n<\/tbody>\n<\/table>\n<!-- #tablepress-412 from cache --><br \/>\nWird mit Aufsteckk\u00e4mmen in den H\u00f6hen 3, 6, 9 und 12 mm, einer Tragetasche, Reinigungsb\u00fcrste, Ladeger\u00e4t und Kabel, Bedienungsanleitung, \u00d6l und Zubeh\u00f6r geliefert.<br \/>\n<strong>Kompatible Klingen<\/strong><br \/>\n<div class=\"woocommerce columns-6 \"><ul class=\"products content-wrap product-archive grid-cols grid-ss-col-2 grid-sm-col-3 grid-md-col-4 grid-lg-col-6 woo-archive-action-visible woo-archive-btn-text align-buttons-bottom  woo-archive-image-hover-fade\"><li class=\"entry content-bg loop-entry product type-product post-6214 status-publish first instock product_cat-kirkma-makineleri product_cat-kirkma-makinesi-yedek-bicaklari has-post-thumbnail shipping-taxable product-type-simple\">\n\t<a href=\"https:\/\/www.enkatarim.com\/de\/urun\/heiniger-13-4-yedek-kirkim-bicagi-46200\" class=\"woocommerce-loop-image-link woocommerce-LoopProduct-link woocommerce-loop-product__link\"><img loading=\"lazy\" decoding=\"async\" width=\"300\" height=\"300\" src=\"https:\/\/www.enkatarim.com\/wp-content\/uploads\/2023\/03\/46200-heiniger-13-4-s12-xtra-xpert-ile-uyumlu-koyun-kirkim-bicagi-300x300.jpg\" class=\"attachment-woocommerce_thumbnail size-woocommerce_thumbnail\" alt=\"Heiniger 13\/4 Ersatz-Schermesser\" srcset=\"https:\/\/www.enkatarim.com\/wp-content\/uploads\/2023\/03\/46200-heiniger-13-4-s12-xtra-xpert-ile-uyumlu-koyun-kirkim-bicagi-300x300.jpg 300w, https:\/\/www.enkatarim.com\/wp-content\/uploads\/2023\/03\/46200-heiniger-13-4-s12-xtra-xpert-ile-uyumlu-koyun-kirkim-bicagi.jpg 1024w, https:\/\/www.enkatarim.com\/wp-content\/uploads\/2023\/03\/46200-heiniger-13-4-s12-xtra-xpert-ile-uyumlu-koyun-kirkim-bicagi-150x150.jpg 150w, https:\/\/www.enkatarim.com\/wp-content\/uploads\/2023\/03\/46200-heiniger-13-4-s12-xtra-xpert-ile-uyumlu-koyun-kirkim-bicagi-768x768.jpg 768w, https:\/\/www.enkatarim.com\/wp-content\/uploads\/2023\/03\/46200-heiniger-13-4-s12-xtra-xpert-ile-uyumlu-koyun-kirkim-bicagi-600x600.jpg 600w, https:\/\/www.enkatarim.com\/wp-content\/uploads\/2023\/03\/46200-heiniger-13-4-s12-xtra-xpert-ile-uyumlu-koyun-kirkim-bicagi-100x100.jpg 100w\" sizes=\"auto, (max-width: 300px) 100vw, 300px\" \/><\/a><div class=\"product-details content-bg entry-content-wrap\"><h2 class=\"woocommerce-loop-product__title\"><a href=\"https:\/\/www.enkatarim.com\/de\/urun\/heiniger-13-4-yedek-kirkim-bicagi-46200\" class=\"woocommerce-LoopProduct-link-title woocommerce-loop-product__title_ink\">Heiniger 13\/4 Ersatz-Schermesser<\/a><\/h2>\n<div class=\"product-action-wrap\"><a href=\"https:\/\/www.enkatarim.com\/de\/urun\/heiniger-13-4-yedek-kirkim-bicagi-46200\" data-quantity=\"1\" class=\"button product_type_simple\" data-product_id=\"6214\" data-product_sku=\"46200\" aria-label=\"Read more about &ldquo;Heiniger 13\/4 Ersatz-Schermesser&rdquo;\" rel=\"nofollow\" data-success_message=\"\">Read more<span class=\"kadence-svg-iconset svg-baseline\"><svg aria-hidden=\"true\" class=\"kadence-svg-icon kadence-arrow-right-alt-svg\" fill=\"currentColor\" version=\"1.1\" xmlns=\"http:\/\/www.w3.org\/2000\/svg\" width=\"27\" height=\"28\" viewBox=\"0 0 27 28\"><title>Continue<\/title><path d=\"M27 13.953c0 0.141-0.063 0.281-0.156 0.375l-6 5.531c-0.156 0.141-0.359 0.172-0.547 0.094-0.172-0.078-0.297-0.25-0.297-0.453v-3.5h-19.5c-0.281 0-0.5-0.219-0.5-0.5v-3c0-0.281 0.219-0.5 0.5-0.5h19.5v-3.5c0-0.203 0.109-0.375 0.297-0.453s0.391-0.047 0.547 0.078l6 5.469c0.094 0.094 0.156 0.219 0.156 0.359v0z\"><\/path>\n\t\t\t\t<\/svg><\/span><span class=\"kadence-svg-iconset svg-baseline\"><svg class=\"kadence-svg-icon kadence-spinner-svg\" fill=\"currentColor\" version=\"1.1\" xmlns=\"http:\/\/www.w3.org\/2000\/svg\" width=\"16\" height=\"16\" viewBox=\"0 0 16 16\"><title>Loading<\/title><path d=\"M16 6h-6l2.243-2.243c-1.133-1.133-2.64-1.757-4.243-1.757s-3.109 0.624-4.243 1.757c-1.133 1.133-1.757 2.64-1.757 4.243s0.624 3.109 1.757 4.243c1.133 1.133 2.64 1.757 4.243 1.757s3.109-0.624 4.243-1.757c0.095-0.095 0.185-0.192 0.273-0.292l1.505 1.317c-1.466 1.674-3.62 2.732-6.020 2.732-4.418 0-8-3.582-8-8s3.582-8 8-8c2.209 0 4.209 0.896 5.656 2.344l2.343-2.344v6z\"><\/path>\n\t\t\t\t<\/svg><\/span><span class=\"kadence-svg-iconset svg-baseline\"><svg class=\"kadence-svg-icon kadence-check-svg\" fill=\"currentColor\" version=\"1.1\" xmlns=\"http:\/\/www.w3.org\/2000\/svg\" width=\"16\" height=\"16\" viewBox=\"0 0 16 16\"><title>Done<\/title><path d=\"M14 2.5l-8.5 8.5-3.5-3.5-1.5 1.5 5 5 10-10z\"><\/path>\n\t\t\t\t<\/svg><\/span><\/a>\t<span id=\"woocommerce_loop_add_to_cart_link_describedby_6214\" class=\"screen-reader-text\">\n\t\t\t<\/span>\n<\/div><\/div><\/li>\n<\/ul>\n<\/div><\/p>\n<p>Enka Tar\u0131m liefert eine Vielzahl von Schermaschinen, die in ihren jeweiligen Bereichen getestet und als zuverl\u00e4ssig erwiesen wurden. Sie bestehen aus den besten Modellen von vertrauensw\u00fcrdigen Marken.<\/p>\n<p>Egal, ob Sie Schermaschinen f\u00fcr K\u00fche, Schafe, Ziegen, Pferde, Katzen oder Hunde ben\u00f6tigen, bei Enka Agriculture erhalten Sie einfachen Zugang zu den besten Schermaschinenprodukten von Top-Marken wie Kerbl, Heiniger und Moser sowie den Original-Ersatzteilen, die Sie das ganze Jahr \u00fcber ben\u00f6tigen.<\/p>\n","protected":false},"excerpt":{"rendered":"<p>3 Schneidgeschwindigkeiten. Hervorragender Schnitt dank rostfreiem Stahl-Schermesser. Hochwertiger und langlebiger Motor. Leistungsstarker 2200 mAh Akku. Digitale Anzeige zeigt Ladezustand, Reinigung und verbleibende Batterie an. Kann auch mit Kabel verwendet werden. 5-stufige Schnitth\u00f6he von 0,8 mm bis 2 mm. 4 verschiedene Aufsteckk\u00e4mme in den H\u00f6hen 3, 6, 9 und 12 mm, nur f\u00fcr detaillierten Schnitt geeignet&#8230;.<\/p>\n","protected":false},"featured_media":11997,"template":"","meta":{"_eb_attr":"","_kadence_starter_templates_imported_post":false,"_kad_post_transparent":"","_kad_post_title":"","_kad_post_layout":"","_kad_post_sidebar_id":"","_kad_post_content_style":"","_kad_post_vertical_padding":"","_kad_post_feature":"","_kad_post_feature_position":"","_kad_post_header":false,"_kad_post_footer":false,"_kad_post_classname":""},"product_brand":[],"product_cat":[1050,1044],"product_tag":[],"class_list":{"0":"post-11996","1":"product","2":"type-product","3":"status-publish","4":"has-post-thumbnail","6":"product_cat-evcil-hayvan-kirkma-makineleri","7":"product_cat-kirkma-makineleri","8":"entry","9":"content-bg","10":"loop-entry","12":"first","13":"instock","14":"shipping-taxable","15":"product-type-simple"},"_links":{"self":[{"href":"https:\/\/www.enkatarim.com\/de\/wp-json\/wp\/v2\/product\/11996","targetHints":{"allow":["GET"]}}],"collection":[{"href":"https:\/\/www.enkatarim.com\/de\/wp-json\/wp\/v2\/product"}],"about":[{"href":"https:\/\/www.enkatarim.com\/de\/wp-json\/wp\/v2\/types\/product"}],"wp:featuredmedia":[{"embeddable":true,"href":"https:\/\/www.enkatarim.com\/de\/wp-json\/wp\/v2\/media\/11997"}],"wp:attachment":[{"href":"https:\/\/www.enkatarim.com\/de\/wp-json\/wp\/v2\/media?parent=11996"}],"wp:term":[{"taxonomy":"product_brand","embeddable":true,"href":"https:\/\/www.enkatarim.com\/de\/wp-json\/wp\/v2\/product_brand?post=11996"},{"taxonomy":"product_cat","embeddable":true,"href":"https:\/\/www.enkatarim.com\/de\/wp-json\/wp\/v2\/product_cat?post=11996"},{"taxonomy":"product_tag","embeddable":true,"href":"https:\/\/www.enkatarim.com\/de\/wp-json\/wp\/v2\/product_tag?post=11996"}],"curies":[{"name":"wp","href":"https:\/\/api.w.org\/{rel}","templated":true}]}}