{"id":10540,"date":"2023-03-07T15:10:33","date_gmt":"2023-03-07T15:10:33","guid":{"rendered":"https:\/\/enkatarim.com\/?post_type=product&#038;p=10540"},"modified":"2023-06-08T13:56:28","modified_gmt":"2023-06-08T13:56:28","slug":"sonsuz-hayvan-yatagi-180-x-2-2-cm-28634","status":"publish","type":"product","link":"https:\/\/www.enkatarim.com\/de\/urun\/sonsuz-hayvan-yatagi-180-x-2-2-cm-28634","title":{"rendered":"Endlose Tiermatte, 180 x 2,2 cm"},"content":{"rendered":"<p>Gummimatten, die aus elastischem Material hergestellt sind, verteilen die Belastung des darauf liegenden Tieres und erleichtern dem Tier das Hinlegen und Aufstehen. Sie verhindern die Bildung von Dekubitus an den Beinen. Im Vergleich zu unter das Tier gestreutem Stroh sind sie langlebig und wirtschaftlich. Sie halten den Boden jederzeit trocken und sauber und erm\u00f6glichen eine einfache Reinigung. Durch den Komfort, den sie dem Tier bieten, steigt die Lebensqualit\u00e4t und Produktivit\u00e4t des Tieres.<\/p>\n<p>Sie wirken als isolierendes Material und sch\u00fctzen die Tiere vor K\u00e4lte. Sie verhindern Ausrutschen auf Beton. Dank ihrer Polymerstruktur bleibt keine Verschmutzung auf der Oberfl\u00e4che haften. Sie helfen, die Bildung von Klebsiella-Mastitis zu verhindern und lindern Rheuma. Sie sorgen f\u00fcr einen gleichm\u00e4\u00dfigen und gleichm\u00e4\u00dfigen Abrieb der Hufe. Sie verhindern Verletzungen am K\u00f6rper. Anwendungsbereiche: Melkst\u00e4nde, Wartebereiche im Melkstand, Gehwege, unter K\u00e4lbern, Geburtsr\u00e4ume, Krankenstationen, Schieberwege.<\/p>\n","protected":false},"excerpt":{"rendered":"<p>180 x 2.2 mm<\/p>\n","protected":false},"featured_media":0,"template":"","meta":{"_eb_attr":"","_kadence_starter_templates_imported_post":false,"_kad_post_transparent":"","_kad_post_title":"","_kad_post_layout":"","_kad_post_sidebar_id":"","_kad_post_content_style":"","_kad_post_vertical_padding":"","_kad_post_feature":"","_kad_post_feature_position":"","_kad_post_header":false,"_kad_post_footer":false,"_kad_post_classname":""},"product_brand":[],"product_cat":[1051,1267],"product_tag":[],"class_list":{"0":"post-10540","1":"product","2":"type-product","3":"status-publish","5":"product_cat-ciftlik-ve-hayvancilik-ekipmanlari","6":"product_cat-hayvan-yataklari","8":"first","9":"instock","10":"shipping-taxable","11":"product-type-simple","12":"entry","13":"content-bg","14":"loop-entry"},"_links":{"self":[{"href":"https:\/\/www.enkatarim.com\/de\/wp-json\/wp\/v2\/product\/10540","targetHints":{"allow":["GET"]}}],"collection":[{"href":"https:\/\/www.enkatarim.com\/de\/wp-json\/wp\/v2\/product"}],"about":[{"href":"https:\/\/www.enkatarim.com\/de\/wp-json\/wp\/v2\/types\/product"}],"wp:attachment":[{"href":"https:\/\/www.enkatarim.com\/de\/wp-json\/wp\/v2\/media?parent=10540"}],"wp:term":[{"taxonomy":"product_brand","embeddable":true,"href":"https:\/\/www.enkatarim.com\/de\/wp-json\/wp\/v2\/product_brand?post=10540"},{"taxonomy":"product_cat","embeddable":true,"href":"https:\/\/www.enkatarim.com\/de\/wp-json\/wp\/v2\/product_cat?post=10540"},{"taxonomy":"product_tag","embeddable":true,"href":"https:\/\/www.enkatarim.com\/de\/wp-json\/wp\/v2\/product_tag?post=10540"}],"curies":[{"name":"wp","href":"https:\/\/api.w.org\/{rel}","templated":true}]}}