{"id":10457,"date":"2023-03-07T15:10:33","date_gmt":"2023-03-07T15:10:33","guid":{"rendered":"https:\/\/enkatarim.com\/?post_type=product&#038;p=10457"},"modified":"2026-02-13T11:36:23","modified_gmt":"2026-02-13T08:36:23","slug":"5-lt-yayik-makinesi-36196","status":"publish","type":"product","link":"https:\/\/www.enkatarim.com\/de\/urun\/5-lt-yayik-makinesi-36196","title":{"rendered":"5 l Butterfass"},"content":{"rendered":"<ul>\n<li>Leistung: 260W<\/li>\n<li>Spannung: 220V, 50Hz<\/li>\n<li>Abmessungen: 20 x 20 x 30 cm<\/li>\n<li>Gewicht: 1,6 kg<\/li>\n<li>Einfach abnehmbares und installierbares Propellersystem<\/li>\n<li>Edelstahlgeh\u00e4use<\/li>\n<li>Ergonomische Bedienung<\/li>\n<li>Einfach zu bedienendes Steuerungspanel<\/li>\n<\/ul>\n<p>Die Gewinnung von frischer und geschmackvoller Butter aus Ihrer hochwertigen Milch ist jetzt einfacher und schneller, egal ob zu Hause oder auf dem Bauernhof.<\/p>\n<p>Das leicht abnehmbare und installierbare Kunststoffr\u00fchrsystem der Enka-R\u00fchrmaschine eignet sich ideal, um Milch und Joghurt in gute und schmackhafte Butter zu verwandeln. Mit diesem schnellen, effizienten und benutzerfreundlichen System wird die Qualit\u00e4tsbutterproduktion nun f\u00fcr viele einfacher. Der Edelstahlk\u00f6rper der Maschine bietet die richtige L\u00f6sung f\u00fcr alle, die auf Langlebigkeit achten und auf Hygiene Wert legen. Dieser K\u00f6rper verleiht der R\u00fchrmaschine Robustheit und macht sie langlebig. Er erleichtert auch die Reinigung der Maschine. Nach dem Gebrauch und Waschen der Maschine ist das Abwischen von innen und au\u00dfen mit einem angefeuchteten sauberen Tuch eine schnelle und praktische L\u00f6sung.<\/p>\n<p>Das ergonomische Design unserer R\u00fchrmaschine bietet ein benutzerfreundliches Erlebnis. Mit dem leicht steuerbaren Bedienfeld liegt die Kraft in Ihren H\u00e4nden, wenn es um die Butterextraktion geht. Sie k\u00f6nnen das Produkt daher nach Ihren W\u00fcnschen zubereiten. Mit unseren 5, 15, 25, 40 und 55-Liter-Versionen, die f\u00fcr verschiedene Anwendungen und Bed\u00fcrfnisse zugeschnitten sind, finden Sie innerhalb der Enka-R\u00fchrmaschinengruppe geeignete Optionen. Ob Sie eine kleine Menge f\u00fcr Ihre Familie produzieren oder gro\u00dfe Mengen Butter zum Weiterverkauf herstellen, die Wahl liegt ganz bei Ihnen.<\/p>\n<p>Die Herstellung von frischer Butter liegt jetzt in Ihrer Hand. Kommen Sie mit den Enka-R\u00fchrmaschinen einen Schritt n\u00e4her zur Herstellung von Butter aus der von Ihnen gemolkenen Milch. Bestellen Sie jetzt und erleichtern Sie sich Ihre Arbeit in der K\u00fcche oder auf dem Bauernhof.<\/p>\n","protected":false},"excerpt":{"rendered":"<p>Es wird verwendet, um Butter aus Joghurt oder Milch zu extrahieren. Das Arbeitssystem verf\u00fcgt \u00fcber einen Kunststoffpropeller und einen Edelstahlk\u00f6rper.<\/p>\n","protected":false},"featured_media":24510,"template":"","meta":{"_eb_attr":"","_kadence_starter_templates_imported_post":false,"_kad_post_transparent":"default","_kad_post_title":"","_kad_post_layout":"default","_kad_post_sidebar_id":"","_kad_post_content_style":"default","_kad_post_vertical_padding":"default","_kad_post_feature":"","_kad_post_feature_position":"","_kad_post_header":false,"_kad_post_footer":false,"_kad_post_classname":""},"product_brand":[],"product_cat":[1017,1275],"product_tag":[],"class_list":{"0":"post-10457","1":"product","2":"type-product","3":"status-publish","4":"has-post-thumbnail","6":"product_cat-sut-endustrisi","7":"product_cat-yayik-makineleri","9":"first","10":"instock","11":"shipping-taxable","12":"product-type-simple","13":"entry","14":"content-bg","15":"loop-entry"},"_links":{"self":[{"href":"https:\/\/www.enkatarim.com\/de\/wp-json\/wp\/v2\/product\/10457","targetHints":{"allow":["GET"]}}],"collection":[{"href":"https:\/\/www.enkatarim.com\/de\/wp-json\/wp\/v2\/product"}],"about":[{"href":"https:\/\/www.enkatarim.com\/de\/wp-json\/wp\/v2\/types\/product"}],"wp:featuredmedia":[{"embeddable":true,"href":"https:\/\/www.enkatarim.com\/de\/wp-json\/wp\/v2\/media\/24510"}],"wp:attachment":[{"href":"https:\/\/www.enkatarim.com\/de\/wp-json\/wp\/v2\/media?parent=10457"}],"wp:term":[{"taxonomy":"product_brand","embeddable":true,"href":"https:\/\/www.enkatarim.com\/de\/wp-json\/wp\/v2\/product_brand?post=10457"},{"taxonomy":"product_cat","embeddable":true,"href":"https:\/\/www.enkatarim.com\/de\/wp-json\/wp\/v2\/product_cat?post=10457"},{"taxonomy":"product_tag","embeddable":true,"href":"https:\/\/www.enkatarim.com\/de\/wp-json\/wp\/v2\/product_tag?post=10457"}],"curies":[{"name":"wp","href":"https:\/\/api.w.org\/{rel}","templated":true}]}}