{"id":24636,"date":"2026-03-18T12:08:28","date_gmt":"2026-03-18T09:08:28","guid":{"rendered":"https:\/\/www.enkatarim.com\/?page_id=24636"},"modified":"2026-03-24T09:10:21","modified_gmt":"2026-03-24T06:10:21","slug":"tahsilat","status":"publish","type":"page","link":"https:\/\/www.enkatarim.com\/de\/tahsilat","title":{"rendered":"Online tahsilat servisini kullanmak"},"content":{"rendered":"\n<figure class=\"wp-block-embed is-type-video is-provider-youtube wp-block-embed-youtube wp-embed-aspect-16-9 wp-has-aspect-ratio\"><div class=\"wp-block-embed__wrapper\">\n<iframe loading=\"lazy\" title=\"Enka Tar\u0131m E-tahsilat mod\u00fcl\u00fc a\u00e7\u0131ld\u0131.\" width=\"720\" height=\"405\" src=\"https:\/\/www.youtube.com\/embed\/pimDk7snn4U?feature=oembed\" frameborder=\"0\" allow=\"accelerometer; autoplay; clipboard-write; encrypted-media; gyroscope; picture-in-picture; web-share\" referrerpolicy=\"strict-origin-when-cross-origin\" allowfullscreen><\/iframe>\n<\/div><\/figure>\n\n\n<style>.kb-row-layout-id24636_f73642-ea > .kt-row-column-wrap{align-content:start;}:where(.kb-row-layout-id24636_f73642-ea > .kt-row-column-wrap) > .wp-block-kadence-column{justify-content:start;}.kb-row-layout-id24636_f73642-ea > .kt-row-column-wrap{column-gap:var(--global-kb-gap-md, 2rem);row-gap:var(--global-kb-gap-md, 2rem);padding-top:0px;padding-bottom:var(--global-kb-spacing-xxl, 5rem);grid-template-columns:repeat(2, minmax(0, 1fr));}.kb-row-layout-id24636_f73642-ea > .kt-row-layout-overlay{opacity:0.30;}@media all and (max-width: 1024px){.kb-row-layout-id24636_f73642-ea > .kt-row-column-wrap{grid-template-columns:repeat(2, minmax(0, 1fr));}}@media all and (max-width: 767px){.kb-row-layout-id24636_f73642-ea > .kt-row-column-wrap{grid-template-columns:minmax(0, 1fr);}}<\/style><div class=\"kb-row-layout-wrap kb-row-layout-id24636_f73642-ea alignnone wp-block-kadence-rowlayout\"><div class=\"kt-row-column-wrap kt-has-2-columns kt-row-layout-equal kt-tab-layout-inherit kt-mobile-layout-row kt-row-valign-top\">\n<style>.kadence-column24636_481eaa-06 > .kt-inside-inner-col,.kadence-column24636_481eaa-06 > .kt-inside-inner-col:before{border-top-left-radius:0px;border-top-right-radius:0px;border-bottom-right-radius:0px;border-bottom-left-radius:0px;}.kadence-column24636_481eaa-06 > .kt-inside-inner-col{column-gap:var(--global-kb-gap-sm, 1rem);}.kadence-column24636_481eaa-06 > .kt-inside-inner-col{flex-direction:column;}.kadence-column24636_481eaa-06 > .kt-inside-inner-col > .aligncenter{width:100%;}.kadence-column24636_481eaa-06 > .kt-inside-inner-col:before{opacity:0.3;}.kadence-column24636_481eaa-06{position:relative;}@media all and (max-width: 1024px){.kadence-column24636_481eaa-06 > .kt-inside-inner-col{flex-direction:column;justify-content:center;}}@media all and (max-width: 767px){.kadence-column24636_481eaa-06 > .kt-inside-inner-col{flex-direction:column;justify-content:center;}}<\/style>\n<div class=\"wp-block-kadence-column kadence-column24636_481eaa-06\"><div class=\"kt-inside-inner-col\">\n<p>Enka Tar\u0131m&#8217;dan sat\u0131n ald\u0131\u011f\u0131n\u0131z \u00fcr\u00fcnleri ve cari bakiyelerinizi daha kolay, h\u0131zl\u0131, taksitle ve d\u00f6nemsel olarak sunulan \u00f6deme avantajlar\u0131yla yapmak i\u00e7in yeni e-tahsilat \u00f6deme mod\u00fcl\u00fcn\u00fc kullanabilirsiniz.<\/p>\n\n\n\n<p>Mod\u00fcl\u00fc nas\u0131l kullanaca\u011f\u0131n\u0131za dair bir video <a href=\"https:\/\/www.youtube.com\/@enkatarimcom\" target=\"_blank\" rel=\"noreferrer noopener\">Youtube kanal\u0131m\u0131za<\/a> ve bu sayfaya eklenmi\u015ftir.<\/p>\n<\/div><\/div>\n\n\n<style>.kadence-column24636_b3bc8d-39 > .kt-inside-inner-col{display:flex;}.kadence-column24636_b3bc8d-39 > .kt-inside-inner-col,.kadence-column24636_b3bc8d-39 > .kt-inside-inner-col:before{border-top-left-radius:0px;border-top-right-radius:0px;border-bottom-right-radius:0px;border-bottom-left-radius:0px;}.kadence-column24636_b3bc8d-39 > .kt-inside-inner-col{column-gap:var(--global-kb-gap-sm, 1rem);}.kadence-column24636_b3bc8d-39 > .kt-inside-inner-col{flex-direction:column;justify-content:center;align-items:stretch;}.kadence-column24636_b3bc8d-39 > .kt-inside-inner-col > .kb-image-is-ratio-size{align-self:stretch;}.kadence-column24636_b3bc8d-39 > .kt-inside-inner-col > .wp-block-kadence-advancedgallery{align-self:stretch;}.kadence-column24636_b3bc8d-39 > .kt-inside-inner-col > .aligncenter{width:100%;}.kt-row-column-wrap > .kadence-column24636_b3bc8d-39{align-self:center;}.kt-inner-column-height-full:not(.kt-has-1-columns) > .wp-block-kadence-column.kadence-column24636_b3bc8d-39{align-self:auto;}.kt-inner-column-height-full:not(.kt-has-1-columns) > .wp-block-kadence-column.kadence-column24636_b3bc8d-39 > .kt-inside-inner-col{flex-direction:column;justify-content:center;}.kadence-column24636_b3bc8d-39 > .kt-inside-inner-col:before{opacity:0.3;}.kadence-column24636_b3bc8d-39{position:relative;}@media all and (max-width: 1024px){.kt-row-column-wrap > .kadence-column24636_b3bc8d-39{align-self:center;}}@media all and (max-width: 1024px){.kt-inner-column-height-full:not(.kt-has-1-columns) > .wp-block-kadence-column.kadence-column24636_b3bc8d-39{align-self:auto;}}@media all and (max-width: 1024px){.kt-inner-column-height-full:not(.kt-has-1-columns) > .wp-block-kadence-column.kadence-column24636_b3bc8d-39 > .kt-inside-inner-col{flex-direction:column;justify-content:center;}}@media all and (max-width: 1024px){.kadence-column24636_b3bc8d-39 > .kt-inside-inner-col{flex-direction:column;justify-content:center;align-items:stretch;}}@media all and (max-width: 767px){.kt-row-column-wrap > .kadence-column24636_b3bc8d-39{align-self:center;}.kt-inner-column-height-full:not(.kt-has-1-columns) > .wp-block-kadence-column.kadence-column24636_b3bc8d-39{align-self:auto;}.kt-inner-column-height-full:not(.kt-has-1-columns) > .wp-block-kadence-column.kadence-column24636_b3bc8d-39 > .kt-inside-inner-col{flex-direction:column;justify-content:center;}.kadence-column24636_b3bc8d-39 > .kt-inside-inner-col{flex-direction:column;justify-content:center;align-items:stretch;}}<\/style>\n<div class=\"wp-block-kadence-column kadence-column24636_b3bc8d-39\"><div class=\"kt-inside-inner-col\"><style>.wp-block-kadence-advancedbtn.kb-btns24636_b24ffb-cd{gap:var(--global-kb-gap-xs, 0.5rem );justify-content:center;align-items:center;}.kt-btns24636_b24ffb-cd .kt-button{font-weight:normal;font-style:normal;}.kt-btns24636_b24ffb-cd .kt-btn-wrap-0{margin-right:5px;}.wp-block-kadence-advancedbtn.kt-btns24636_b24ffb-cd .kt-btn-wrap-0 .kt-button{color:#555555;border-color:#555555;}.wp-block-kadence-advancedbtn.kt-btns24636_b24ffb-cd .kt-btn-wrap-0 .kt-button:hover, .wp-block-kadence-advancedbtn.kt-btns24636_b24ffb-cd .kt-btn-wrap-0 .kt-button:focus{color:#ffffff;border-color:#444444;}.wp-block-kadence-advancedbtn.kt-btns24636_b24ffb-cd .kt-btn-wrap-0 .kt-button::before{display:none;}.wp-block-kadence-advancedbtn.kt-btns24636_b24ffb-cd .kt-btn-wrap-0 .kt-button:hover, .wp-block-kadence-advancedbtn.kt-btns24636_b24ffb-cd .kt-btn-wrap-0 .kt-button:focus{background:#444444;}<\/style>\n<div class=\"wp-block-kadence-advancedbtn kb-buttons-wrap kb-btns24636_b24ffb-cd\"><style>ul.menu .wp-block-kadence-advancedbtn .kb-btn24636_574703-f6.kb-button{width:initial;}.wp-block-kadence-advancedbtn .kb-btn24636_574703-f6.kb-button{border-top-left-radius:8px;border-top-right-radius:8px;border-bottom-right-radius:8px;border-bottom-left-radius:8px;padding-top:var(--global-kb-spacing-sm, 1.5rem);padding-right:var(--global-kb-spacing-sm, 1.5rem);padding-bottom:var(--global-kb-spacing-sm, 1.5rem);padding-left:var(--global-kb-spacing-sm, 1.5rem);}<\/style><a class=\"kb-button kt-button button kb-btn24636_574703-f6 kt-btn-size-large kt-btn-width-type-full kb-btn-global-fill  kt-btn-has-text-true kt-btn-has-svg-false  wp-block-kadence-singlebtn\" href=\"https:\/\/www.enkatarim.com\/wp-content\/uploads\/2026\/03\/Tahsilat-kullanma-kilavuzu.pdf\" download=\"\" target=\"_blank\" rel=\"noreferrer noopener\"><span class=\"kt-btn-inner-text\">Rehberi PDF format\u0131nda indir<\/span><\/a><\/div>\n<\/div><\/div>\n\n<\/div><\/div>","protected":false},"excerpt":{"rendered":"<p>Enka Tar\u0131m&#8217;dan sat\u0131n ald\u0131\u011f\u0131n\u0131z \u00fcr\u00fcnleri ve cari bakiyelerinizi daha kolay, h\u0131zl\u0131, taksitle ve d\u00f6nemsel olarak sunulan \u00f6deme avantajlar\u0131yla yapmak i\u00e7in yeni e-tahsilat \u00f6deme mod\u00fcl\u00fcn\u00fc kullanabilirsiniz. Mod\u00fcl\u00fc nas\u0131l kullanaca\u011f\u0131n\u0131za dair bir video Youtube kanal\u0131m\u0131za ve bu sayfaya eklenmi\u015ftir.<\/p>\n","protected":false},"author":1,"featured_media":0,"parent":0,"menu_order":0,"comment_status":"closed","ping_status":"closed","template":"","meta":{"_eb_attr":"","_kadence_starter_templates_imported_post":false,"_kad_post_transparent":"","_kad_post_title":"","_kad_post_layout":"","_kad_post_sidebar_id":"","_kad_post_content_style":"","_kad_post_vertical_padding":"","_kad_post_feature":"","_kad_post_feature_position":"","_kad_post_header":false,"_kad_post_footer":false,"_kad_post_classname":"","footnotes":""},"class_list":["post-24636","page","type-page","status-publish","hentry"],"_links":{"self":[{"href":"https:\/\/www.enkatarim.com\/de\/wp-json\/wp\/v2\/pages\/24636","targetHints":{"allow":["GET"]}}],"collection":[{"href":"https:\/\/www.enkatarim.com\/de\/wp-json\/wp\/v2\/pages"}],"about":[{"href":"https:\/\/www.enkatarim.com\/de\/wp-json\/wp\/v2\/types\/page"}],"author":[{"embeddable":true,"href":"https:\/\/www.enkatarim.com\/de\/wp-json\/wp\/v2\/users\/1"}],"replies":[{"embeddable":true,"href":"https:\/\/www.enkatarim.com\/de\/wp-json\/wp\/v2\/comments?post=24636"}],"version-history":[{"count":3,"href":"https:\/\/www.enkatarim.com\/de\/wp-json\/wp\/v2\/pages\/24636\/revisions"}],"predecessor-version":[{"id":24644,"href":"https:\/\/www.enkatarim.com\/de\/wp-json\/wp\/v2\/pages\/24636\/revisions\/24644"}],"wp:attachment":[{"href":"https:\/\/www.enkatarim.com\/de\/wp-json\/wp\/v2\/media?parent=24636"}],"curies":[{"name":"wp","href":"https:\/\/api.w.org\/{rel}","templated":true}]}}