{"id":23279,"date":"2024-01-15T17:41:53","date_gmt":"2024-01-15T14:41:53","guid":{"rendered":"https:\/\/www.enkatarim.com\/?page_id=23279"},"modified":"2024-01-19T17:05:48","modified_gmt":"2024-01-19T14:05:48","slug":"sut-sagim-sistemleri","status":"publish","type":"page","link":"https:\/\/www.enkatarim.com\/de\/sut-sagim-sistemleri","title":{"rendered":"Melksysteme"},"content":{"rendered":"<style>.kb-row-layout-id23279_d36e68-6d > .kt-row-column-wrap{align-content:start;}:where(.kb-row-layout-id23279_d36e68-6d > .kt-row-column-wrap) > .wp-block-kadence-column{justify-content:start;}.kb-row-layout-id23279_d36e68-6d > .kt-row-column-wrap{column-gap:var(--global-kb-gap-md, 2rem);row-gap:var(--global-kb-gap-md, 2rem);padding-top:var(--global-kb-spacing-sm, 1.5rem);padding-bottom:var(--global-kb-spacing-sm, 1.5rem);grid-template-columns:repeat(2, minmax(0, 1fr));}.kb-row-layout-id23279_d36e68-6d > .kt-row-layout-overlay{opacity:0.30;}@media all and (max-width: 1024px){.kb-row-layout-id23279_d36e68-6d > .kt-row-column-wrap{grid-template-columns:repeat(2, minmax(0, 1fr));}}@media all and (max-width: 767px){.kb-row-layout-id23279_d36e68-6d > .kt-row-column-wrap{grid-template-columns:minmax(0, 1fr);}}<\/style><div class=\"kb-row-layout-wrap kb-row-layout-id23279_d36e68-6d alignnone wp-block-kadence-rowlayout\"><div class=\"kt-row-column-wrap kt-has-2-columns kt-row-layout-equal kt-tab-layout-inherit kt-mobile-layout-row kt-row-valign-top\">\n<style>.kadence-column23279_bfc2fb-22 > .kt-inside-inner-col,.kadence-column23279_bfc2fb-22 > .kt-inside-inner-col:before{border-top-left-radius:0px;border-top-right-radius:0px;border-bottom-right-radius:0px;border-bottom-left-radius:0px;}.kadence-column23279_bfc2fb-22 > .kt-inside-inner-col{column-gap:var(--global-kb-gap-sm, 1rem);}.kadence-column23279_bfc2fb-22 > .kt-inside-inner-col{flex-direction:column;}.kadence-column23279_bfc2fb-22 > .kt-inside-inner-col > .aligncenter{width:100%;}.kadence-column23279_bfc2fb-22 > .kt-inside-inner-col:before{opacity:0.3;}.kadence-column23279_bfc2fb-22{position:relative;}@media all and (max-width: 1024px){.kadence-column23279_bfc2fb-22 > .kt-inside-inner-col{flex-direction:column;justify-content:center;}}@media all and (max-width: 767px){.kadence-column23279_bfc2fb-22 > .kt-inside-inner-col{flex-direction:column;justify-content:center;}}<\/style>\n<div class=\"wp-block-kadence-column kadence-column23279_bfc2fb-22\"><div class=\"kt-inside-inner-col\"><style>.wp-block-kadence-column.kb-section-dir-horizontal > .kt-inside-inner-col > .kt-info-box23279_e01943-d3 .kt-blocks-info-box-link-wrap{max-width:unset;}.kt-info-box23279_e01943-d3 .kt-blocks-info-box-link-wrap{background:var(--global-palette4, #2D3748);padding-top:var(--global-kb-spacing-xs, 1rem);padding-right:var(--global-kb-spacing-xs, 1rem);padding-bottom:var(--global-kb-spacing-xs, 1rem);padding-left:var(--global-kb-spacing-xs, 1rem);}.kt-info-box23279_e01943-d3 .kt-blocks-info-box-link-wrap:hover{background:var(--global-palette1, #3182CE);}.kt-info-box23279_e01943-d3 .kadence-info-box-icon-container .kt-info-svg-icon, .kt-info-box23279_e01943-d3 .kt-info-svg-icon-flip, .kt-info-box23279_e01943-d3 .kt-blocks-info-box-number{font-size:50px;}.kt-info-box23279_e01943-d3 .kt-blocks-info-box-media{border-top-width:0px;border-right-width:0px;border-bottom-width:0px;border-left-width:0px;padding-top:10px;padding-right:10px;padding-bottom:10px;padding-left:10px;}.kt-info-box23279_e01943-d3 .kt-blocks-info-box-media-container{margin-top:0px;margin-right:15px;margin-bottom:0px;margin-left:15px;}.kt-info-box23279_e01943-d3 .kt-infobox-textcontent h2.kt-blocks-info-box-title{color:var(--global-palette3, #1A202C);padding-top:0px;padding-right:0px;padding-bottom:0px;padding-left:0px;margin-top:5px;margin-right:0px;margin-bottom:10px;margin-left:0px;}.kt-info-box23279_e01943-d3 .kt-blocks-info-box-link-wrap:hover h2.kt-blocks-info-box-title{color:var(--global-palette2, #2B6CB0);}.kt-info-box23279_e01943-d3 .kt-infobox-textcontent .kt-blocks-info-box-text{color:var(--global-palette9, #ffffff);}.kt-info-box23279_e01943-d3 .kt-blocks-info-box-learnmore{background:transparent;border-width:0px 0px 0px 0px;padding-top:4px;padding-right:8px;padding-bottom:4px;padding-left:8px;margin-top:10px;margin-right:0px;margin-bottom:10px;margin-left:0px;}<\/style>\n<div class=\"wp-block-kadence-infobox kt-info-box23279_e01943-d3\"><a class=\"kt-blocks-info-box-link-wrap info-box-link kt-blocks-info-box-media-align-top kt-info-halign-left\" href=\"https:\/\/www.enkatarim.com\/sut-sagim-sistemleri\/mekanik-pulsatorlu-sagimhane?lang=de\"><div class=\"kt-infobox-textcontent\"><h2 class=\"kt-blocks-info-box-title\">Melkstand mit pneumatischem Pulsator<\/h2><p class=\"kt-blocks-info-box-text\">Ein Melkstand mit pneumatischem Pulsator, der eine der einfachsten M\u00f6glichkeiten f\u00fcr den Start eines Melkbetriebs darstellt, erleichtert und beschleunigt das Melken und erh\u00f6ht die Effizienz des Melkens. Dank innovativer, leicht zug\u00e4nglicher und weit verbreiteter Ersatzteile f\u00fcr den Melkstand bieten wir ein gutes, angenehmes und effizientes Melkerlebnis, wobei der Komfort sowohl der Tiere als auch des Melkers im Vordergrund steht.<\/p><\/div><\/a><\/div>\n<\/div><\/div>\n\n\n<style>.kadence-column23279_4ef79e-97 > .kt-inside-inner-col,.kadence-column23279_4ef79e-97 > .kt-inside-inner-col:before{border-top-left-radius:0px;border-top-right-radius:0px;border-bottom-right-radius:0px;border-bottom-left-radius:0px;}.kadence-column23279_4ef79e-97 > .kt-inside-inner-col{column-gap:var(--global-kb-gap-sm, 1rem);}.kadence-column23279_4ef79e-97 > .kt-inside-inner-col{flex-direction:column;}.kadence-column23279_4ef79e-97 > .kt-inside-inner-col > .aligncenter{width:100%;}.kadence-column23279_4ef79e-97 > .kt-inside-inner-col:before{opacity:0.3;}.kadence-column23279_4ef79e-97{position:relative;}@media all and (max-width: 1024px){.kadence-column23279_4ef79e-97 > .kt-inside-inner-col{flex-direction:column;justify-content:center;}}@media all and (max-width: 767px){.kadence-column23279_4ef79e-97 > .kt-inside-inner-col{flex-direction:column;justify-content:center;}}<\/style>\n<div class=\"wp-block-kadence-column kadence-column23279_4ef79e-97\"><div class=\"kt-inside-inner-col\"><style>.wp-block-kadence-column.kb-section-dir-horizontal > .kt-inside-inner-col > .kt-info-box23279_d47ace-63 .kt-blocks-info-box-link-wrap{max-width:unset;}.kt-info-box23279_d47ace-63 .kt-blocks-info-box-link-wrap{background:var(--global-palette4, #2D3748);padding-top:var(--global-kb-spacing-xs, 1rem);padding-right:var(--global-kb-spacing-xs, 1rem);padding-bottom:var(--global-kb-spacing-xs, 1rem);padding-left:var(--global-kb-spacing-xs, 1rem);}.kt-info-box23279_d47ace-63 .kt-blocks-info-box-link-wrap:hover{background:var(--global-palette1, #3182CE);}.kt-info-box23279_d47ace-63 .kadence-info-box-icon-container .kt-info-svg-icon, .kt-info-box23279_d47ace-63 .kt-info-svg-icon-flip, .kt-info-box23279_d47ace-63 .kt-blocks-info-box-number{font-size:50px;}.kt-info-box23279_d47ace-63 .kt-blocks-info-box-media{border-top-width:0px;border-right-width:0px;border-bottom-width:0px;border-left-width:0px;padding-top:10px;padding-right:10px;padding-bottom:10px;padding-left:10px;}.kt-info-box23279_d47ace-63 .kt-blocks-info-box-media-container{margin-top:0px;margin-right:15px;margin-bottom:0px;margin-left:15px;}.kt-info-box23279_d47ace-63 .kt-infobox-textcontent h2.kt-blocks-info-box-title{color:var(--global-palette3, #1A202C);padding-top:0px;padding-right:0px;padding-bottom:0px;padding-left:0px;margin-top:5px;margin-right:0px;margin-bottom:10px;margin-left:0px;}.kt-info-box23279_d47ace-63 .kt-blocks-info-box-link-wrap:hover h2.kt-blocks-info-box-title{color:var(--global-palette2, #2B6CB0);}.kt-info-box23279_d47ace-63 .kt-infobox-textcontent .kt-blocks-info-box-text{color:var(--global-palette9, #ffffff);}.kt-info-box23279_d47ace-63 .kt-blocks-info-box-learnmore{background:transparent;border-width:0px 0px 0px 0px;padding-top:4px;padding-right:8px;padding-bottom:4px;padding-left:8px;margin-top:10px;margin-right:0px;margin-bottom:10px;margin-left:0px;}<\/style>\n<div class=\"wp-block-kadence-infobox kt-info-box23279_d47ace-63\"><a class=\"kt-blocks-info-box-link-wrap info-box-link kt-blocks-info-box-media-align-top kt-info-halign-left\" href=\"https:\/\/www.enkatarim.com\/sut-sagim-sistemleri\/elektronik-pulsatorlu-sagimhane?lang=de\"><div class=\"kt-infobox-textcontent\"><h2 class=\"kt-blocks-info-box-title\">Melkstand mit elektronischem Pulsator<\/h2><p class=\"kt-blocks-info-box-text\">Der Melkstand mit elektronischem Pulsator, der eine der einfachsten, einfachsten und einfachsten Mess-\/Verwaltungsfunktionen f\u00fcr den Start eines Melkgesch\u00e4fts darstellt, macht das Melken einfacher, schneller und steigert die Effizienz. Dank innovativer, leicht zug\u00e4nglicher und weit verbreiteter Ersatzteile bieten wir ein gutes Melkerlebnis, wobei der Komfort sowohl der Tiere als auch des Melkers im Vordergrund steht.<\/p><\/div><\/a><\/div>\n<\/div><\/div>\n\n<\/div><\/div>","protected":false},"excerpt":{"rendered":"","protected":false},"author":1,"featured_media":0,"parent":0,"menu_order":0,"comment_status":"closed","ping_status":"closed","template":"","meta":{"_eb_attr":"","_kadence_starter_templates_imported_post":false,"_kad_post_transparent":"","_kad_post_title":"","_kad_post_layout":"normal","_kad_post_sidebar_id":"","_kad_post_content_style":"boxed","_kad_post_vertical_padding":"hide","_kad_post_feature":"hide","_kad_post_feature_position":"","_kad_post_header":false,"_kad_post_footer":false,"_kad_post_classname":"","footnotes":""},"class_list":["post-23279","page","type-page","status-publish","hentry"],"_links":{"self":[{"href":"https:\/\/www.enkatarim.com\/de\/wp-json\/wp\/v2\/pages\/23279","targetHints":{"allow":["GET"]}}],"collection":[{"href":"https:\/\/www.enkatarim.com\/de\/wp-json\/wp\/v2\/pages"}],"about":[{"href":"https:\/\/www.enkatarim.com\/de\/wp-json\/wp\/v2\/types\/page"}],"author":[{"embeddable":true,"href":"https:\/\/www.enkatarim.com\/de\/wp-json\/wp\/v2\/users\/1"}],"replies":[{"embeddable":true,"href":"https:\/\/www.enkatarim.com\/de\/wp-json\/wp\/v2\/comments?post=23279"}],"version-history":[{"count":32,"href":"https:\/\/www.enkatarim.com\/de\/wp-json\/wp\/v2\/pages\/23279\/revisions"}],"predecessor-version":[{"id":23810,"href":"https:\/\/www.enkatarim.com\/de\/wp-json\/wp\/v2\/pages\/23279\/revisions\/23810"}],"wp:attachment":[{"href":"https:\/\/www.enkatarim.com\/de\/wp-json\/wp\/v2\/media?parent=23279"}],"curies":[{"name":"wp","href":"https:\/\/api.w.org\/{rel}","templated":true}]}}